{"id":934,"date":"2020-04-15T20:20:43","date_gmt":"2020-04-15T20:20:43","guid":{"rendered":"https:\/\/www.elephantsjump.com\/?page_id=934"},"modified":"2023-11-30T18:26:13","modified_gmt":"2023-11-30T18:26:13","slug":"brand-experience-und-brand-development-experience-design","status":"publish","type":"page","link":"https:\/\/www.elephantsjump.com\/?page_id=934","title":{"rendered":"Brand Experience"},"content":{"rendered":"\t\t<div data-elementor-type=\"wp-page\" data-elementor-id=\"934\" class=\"elementor elementor-934\" data-elementor-post-type=\"page\">\n\t\t\t\t\t\t<section class=\"elementor-section elementor-top-section elementor-element elementor-element-ab89331 elementor-section-height-min-height elementor-section-content-middle elementor-section-boxed elementor-section-height-default elementor-section-items-middle\" data-id=\"ab89331\" data-element_type=\"section\" data-settings=\"{&quot;background_background&quot;:&quot;classic&quot;,&quot;background_motion_fx_motion_fx_scrolling&quot;:&quot;yes&quot;,&quot;background_motion_fx_translateY_effect&quot;:&quot;yes&quot;,&quot;background_motion_fx_translateY_direction&quot;:&quot;negative&quot;,&quot;background_motion_fx_translateY_speed&quot;:{&quot;unit&quot;:&quot;px&quot;,&quot;size&quot;:1.600000000000000088817841970012523233890533447265625,&quot;sizes&quot;:[]},&quot;background_motion_fx_translateY_affectedRange&quot;:{&quot;unit&quot;:&quot;%&quot;,&quot;size&quot;:&quot;&quot;,&quot;sizes&quot;:{&quot;start&quot;:0,&quot;end&quot;:100}},&quot;background_motion_fx_devices&quot;:[&quot;desktop&quot;,&quot;tablet&quot;,&quot;mobile&quot;]}\">\n\t\t\t\t\t\t\t<div class=\"elementor-background-overlay\"><\/div>\n\t\t\t\t\t\t\t<div class=\"elementor-container elementor-column-gap-default\">\n\t\t\t\t\t<div class=\"elementor-column elementor-col-100 elementor-top-column elementor-element elementor-element-3459c2b\" data-id=\"3459c2b\" data-element_type=\"column\">\n\t\t\t<div class=\"elementor-widget-wrap elementor-element-populated\">\n\t\t\t\t\t\t<div class=\"elementor-element elementor-element-8ad3962 elementor-widget elementor-widget-heading\" data-id=\"8ad3962\" data-element_type=\"widget\" data-widget_type=\"heading.default\">\n\t\t\t\t<div class=\"elementor-widget-container\">\n\t\t\t\t\t<h1 class=\"elementor-heading-title elementor-size-default\">BRAND EXPERIENCE DESIGN<\/h1>\t\t\t\t<\/div>\n\t\t\t\t<\/div>\n\t\t\t\t<div class=\"elementor-element elementor-element-14acd2f elementor-widget elementor-widget-heading\" data-id=\"14acd2f\" data-element_type=\"widget\" data-widget_type=\"heading.default\">\n\t\t\t\t<div class=\"elementor-widget-container\">\n\t\t\t\t\t<h2 class=\"elementor-heading-title elementor-size-default\">In Zeiten der Transformation ver\u00e4ndert sich das Denken \u00fcber eine Marke.   <\/h2>\t\t\t\t<\/div>\n\t\t\t\t<\/div>\n\t\t\t\t\t<\/div>\n\t\t<\/div>\n\t\t\t\t\t<\/div>\n\t\t<\/section>\n\t\t\t\t<section class=\"elementor-section elementor-top-section elementor-element elementor-element-3e53ee1 pink elementor-section-boxed elementor-section-height-default elementor-section-height-default\" data-id=\"3e53ee1\" data-element_type=\"section\">\n\t\t\t\t\t\t<div class=\"elementor-container elementor-column-gap-default\">\n\t\t\t\t\t<div class=\"elementor-column elementor-col-100 elementor-top-column elementor-element elementor-element-539b3f0\" data-id=\"539b3f0\" data-element_type=\"column\">\n\t\t\t<div class=\"elementor-widget-wrap elementor-element-populated\">\n\t\t\t\t\t\t<div class=\"elementor-element elementor-element-1b9d1ea elementor-widget elementor-widget-heading\" data-id=\"1b9d1ea\" data-element_type=\"widget\" data-widget_type=\"heading.default\">\n\t\t\t\t<div class=\"elementor-widget-container\">\n\t\t\t\t\t<h2 class=\"elementor-heading-title elementor-size-default\">Brand Experience Design ist der Gestaltungsprozess zur Verbesserung eines Markenerlebnisses. Entscheidend ist, wie und aus welchen Gr\u00fcnden Konsument*innen eine Marke wahrnehmen und in ihrer Erinnerung abspeichern.<\/h2>\t\t\t\t<\/div>\n\t\t\t\t<\/div>\n\t\t\t\t\t<\/div>\n\t\t<\/div>\n\t\t\t\t\t<\/div>\n\t\t<\/section>\n\t\t\t\t<section class=\"elementor-section elementor-top-section elementor-element elementor-element-1c2786c elementor-section-boxed elementor-section-height-default elementor-section-height-default\" data-id=\"1c2786c\" data-element_type=\"section\">\n\t\t\t\t\t\t<div class=\"elementor-container elementor-column-gap-default\">\n\t\t\t\t\t<div class=\"elementor-column elementor-col-100 elementor-top-column elementor-element elementor-element-d23a9f0\" data-id=\"d23a9f0\" data-element_type=\"column\">\n\t\t\t<div class=\"elementor-widget-wrap elementor-element-populated\">\n\t\t\t\t\t\t<section class=\"elementor-section elementor-inner-section elementor-element elementor-element-4317af1 elementor-section-boxed elementor-section-height-default elementor-section-height-default\" data-id=\"4317af1\" data-element_type=\"section\">\n\t\t\t\t\t\t<div class=\"elementor-container elementor-column-gap-default\">\n\t\t\t\t\t<div class=\"elementor-column elementor-col-50 elementor-inner-column elementor-element elementor-element-1518650\" data-id=\"1518650\" data-element_type=\"column\" data-settings=\"{&quot;background_background&quot;:&quot;classic&quot;}\">\n\t\t\t<div class=\"elementor-widget-wrap elementor-element-populated\">\n\t\t\t\t\t\t<div class=\"elementor-element elementor-element-ad23a5f elementor-widget elementor-widget-image\" data-id=\"ad23a5f\" data-element_type=\"widget\" data-widget_type=\"image.default\">\n\t\t\t\t<div class=\"elementor-widget-container\">\n\t\t\t\t\t\t\t\t\t\t\t\t\t\t\t<img fetchpriority=\"high\" decoding=\"async\" width=\"582\" height=\"578\" src=\"https:\/\/www.elephantsjump.com\/wp-content\/uploads\/2020\/04\/Analyse_Bildschirmfoto-2020-02-17-um-15.31.06.png\" class=\"attachment-large size-large wp-image-1729\" alt=\"Analyse Neuromarketing\" srcset=\"https:\/\/www.elephantsjump.com\/wp-content\/uploads\/2020\/04\/Analyse_Bildschirmfoto-2020-02-17-um-15.31.06.png 582w, https:\/\/www.elephantsjump.com\/wp-content\/uploads\/2020\/04\/Analyse_Bildschirmfoto-2020-02-17-um-15.31.06-300x298.png 300w, https:\/\/www.elephantsjump.com\/wp-content\/uploads\/2020\/04\/Analyse_Bildschirmfoto-2020-02-17-um-15.31.06-150x150.png 150w\" sizes=\"(max-width: 582px) 100vw, 582px\" \/>\t\t\t\t\t\t\t\t\t\t\t\t\t\t\t<\/div>\n\t\t\t\t<\/div>\n\t\t\t\t\t<\/div>\n\t\t<\/div>\n\t\t\t\t<div class=\"elementor-column elementor-col-50 elementor-inner-column elementor-element elementor-element-2e60032\" data-id=\"2e60032\" data-element_type=\"column\">\n\t\t\t<div class=\"elementor-widget-wrap elementor-element-populated\">\n\t\t\t\t\t\t<div class=\"elementor-element elementor-element-9802203 elementor-widget elementor-widget-heading\" data-id=\"9802203\" data-element_type=\"widget\" data-widget_type=\"heading.default\">\n\t\t\t\t<div class=\"elementor-widget-container\">\n\t\t\t\t\t<h3 class=\"elementor-heading-title elementor-size-default\">Markenwelt im Umbruch<\/h3>\t\t\t\t<\/div>\n\t\t\t\t<\/div>\n\t\t\t\t<div class=\"elementor-element elementor-element-438be7e elementor-widget elementor-widget-text-editor\" data-id=\"438be7e\" data-element_type=\"widget\" data-widget_type=\"text-editor.default\">\n\t\t\t\t<div class=\"elementor-widget-container\">\n\t\t\t\t\t\t\t\t\t<p>Durch neue Technologien, die Digitalisierung und den stetigen Wertewandel richten wir auch den Blickwinkel auf die Markenf\u00fchrung neu aus. Hirnforscher*innen arbeiten heute mit Werber*innen zusammen und haben vor Jahren mit dem Schlagwort &#8220;Neuromarketing&#8221; eine neue, bisher noch unbekannte Perspektive ins Spiel gebracht. Messungen machen es m\u00f6glich herauszufinden, wie Werbung im Gehirn wirkt. Erfolgreiche Marken unterscheiden sich von weniger erfolgreichen dadurch, das erstere einen festen Platz im menschlichen Motiv- und Emotionsraum einnehmen. Eine Marke ist mehr als ein Logo. Die Stimulation \u00fcber die Sinne hilft uns, Marken zu unterscheiden. Erfahrungen mit der Marke betten sich in den Erinnerungsregionen im Gehirn ein und nehmen dann, irgendwann, Einfluss auf unsere Entscheidungsprozesse.<\/p>\t\t\t\t\t\t\t\t<\/div>\n\t\t\t\t<\/div>\n\t\t\t\t\t<\/div>\n\t\t<\/div>\n\t\t\t\t\t<\/div>\n\t\t<\/section>\n\t\t\t\t<section class=\"elementor-section elementor-inner-section elementor-element elementor-element-dd00cc0 elementor-reverse-mobile elementor-section-boxed elementor-section-height-default elementor-section-height-default\" data-id=\"dd00cc0\" data-element_type=\"section\">\n\t\t\t\t\t\t<div class=\"elementor-container elementor-column-gap-default\">\n\t\t\t\t\t<div class=\"elementor-column elementor-col-50 elementor-inner-column elementor-element elementor-element-6365a1f\" data-id=\"6365a1f\" data-element_type=\"column\">\n\t\t\t<div class=\"elementor-widget-wrap elementor-element-populated\">\n\t\t\t\t\t\t<div class=\"elementor-element elementor-element-ebba92a elementor-widget elementor-widget-heading\" data-id=\"ebba92a\" data-element_type=\"widget\" data-widget_type=\"heading.default\">\n\t\t\t\t<div class=\"elementor-widget-container\">\n\t\t\t\t\t<h3 class=\"elementor-heading-title elementor-size-default\">Markenentwicklung und Re-Positionierung<\/h3>\t\t\t\t<\/div>\n\t\t\t\t<\/div>\n\t\t\t\t<div class=\"elementor-element elementor-element-0a6dc10 elementor-widget elementor-widget-text-editor\" data-id=\"0a6dc10\" data-element_type=\"widget\" data-widget_type=\"text-editor.default\">\n\t\t\t\t<div class=\"elementor-widget-container\">\n\t\t\t\t\t\t\t\t\t<p>Gemeinsam analysieren wir die Ver\u00e4nderung im Unternehmensumfeld und die Auswirkungen auf die Marke. Nach einer umfassenden Evaluierung entwickeln wir im Team eine innovative Strategie, wie wir am besten auf ver\u00e4nderte Rahmenbedingungen reagieren k\u00f6nnen und den Sprung in eine erfolgreiche Zukunft schaffen. Oftmals braucht es einen Marken-Relaunch und spannende neue Produkt- oder Serviceideen. Manchmal reicht aber auch ein Finetuning, um wieder auf Spur zu kommen.\u00a0<\/p>\t\t\t\t\t\t\t\t<\/div>\n\t\t\t\t<\/div>\n\t\t\t\t\t<\/div>\n\t\t<\/div>\n\t\t\t\t<div class=\"elementor-column elementor-col-50 elementor-inner-column elementor-element elementor-element-93c79ce\" data-id=\"93c79ce\" data-element_type=\"column\" data-settings=\"{&quot;background_background&quot;:&quot;classic&quot;}\">\n\t\t\t<div class=\"elementor-widget-wrap elementor-element-populated\">\n\t\t\t\t\t\t<div class=\"elementor-element elementor-element-19c8af0 elementor-widget elementor-widget-image\" data-id=\"19c8af0\" data-element_type=\"widget\" data-widget_type=\"image.default\">\n\t\t\t\t<div class=\"elementor-widget-container\">\n\t\t\t\t\t\t\t\t\t\t\t\t\t\t\t<img decoding=\"async\" width=\"580\" height=\"582\" data-src=\"https:\/\/www.elephantsjump.com\/wp-content\/uploads\/2020\/04\/Bildschirmfoto-2020-02-17-um-15.30.11.png\" class=\"attachment-large size-large wp-image-1737 lazyload\" alt=\"Fokus\" data-srcset=\"https:\/\/www.elephantsjump.com\/wp-content\/uploads\/2020\/04\/Bildschirmfoto-2020-02-17-um-15.30.11.png 580w, https:\/\/www.elephantsjump.com\/wp-content\/uploads\/2020\/04\/Bildschirmfoto-2020-02-17-um-15.30.11-300x300.png 300w, https:\/\/www.elephantsjump.com\/wp-content\/uploads\/2020\/04\/Bildschirmfoto-2020-02-17-um-15.30.11-150x150.png 150w\" data-sizes=\"(max-width: 580px) 100vw, 580px\" src=\"data:image\/svg+xml;base64,PHN2ZyB3aWR0aD0iMSIgaGVpZ2h0PSIxIiB4bWxucz0iaHR0cDovL3d3dy53My5vcmcvMjAwMC9zdmciPjwvc3ZnPg==\" style=\"--smush-placeholder-width: 580px; --smush-placeholder-aspect-ratio: 580\/582;\" \/>\t\t\t\t\t\t\t\t\t\t\t\t\t\t\t<\/div>\n\t\t\t\t<\/div>\n\t\t\t\t\t<\/div>\n\t\t<\/div>\n\t\t\t\t\t<\/div>\n\t\t<\/section>\n\t\t\t\t<section class=\"elementor-section elementor-inner-section elementor-element elementor-element-74fa1bf elementor-section-boxed elementor-section-height-default elementor-section-height-default\" data-id=\"74fa1bf\" data-element_type=\"section\">\n\t\t\t\t\t\t<div class=\"elementor-container elementor-column-gap-default\">\n\t\t\t\t\t<div class=\"elementor-column elementor-col-50 elementor-inner-column elementor-element elementor-element-40184c5\" data-id=\"40184c5\" data-element_type=\"column\" data-settings=\"{&quot;background_background&quot;:&quot;classic&quot;}\">\n\t\t\t<div class=\"elementor-widget-wrap elementor-element-populated\">\n\t\t\t\t\t\t<div class=\"elementor-element elementor-element-5c1f16d elementor-widget elementor-widget-image\" data-id=\"5c1f16d\" data-element_type=\"widget\" data-widget_type=\"image.default\">\n\t\t\t\t<div class=\"elementor-widget-container\">\n\t\t\t\t\t\t\t\t\t\t\t\t\t\t\t<img decoding=\"async\" width=\"582\" height=\"580\" data-src=\"https:\/\/www.elephantsjump.com\/wp-content\/uploads\/2020\/05\/Workshop_Datev.jpg\" class=\"attachment-large size-large wp-image-2443 lazyload\" alt=\"\" data-srcset=\"https:\/\/www.elephantsjump.com\/wp-content\/uploads\/2020\/05\/Workshop_Datev.jpg 582w, https:\/\/www.elephantsjump.com\/wp-content\/uploads\/2020\/05\/Workshop_Datev-300x300.jpg 300w, https:\/\/www.elephantsjump.com\/wp-content\/uploads\/2020\/05\/Workshop_Datev-150x150.jpg 150w\" data-sizes=\"(max-width: 582px) 100vw, 582px\" src=\"data:image\/svg+xml;base64,PHN2ZyB3aWR0aD0iMSIgaGVpZ2h0PSIxIiB4bWxucz0iaHR0cDovL3d3dy53My5vcmcvMjAwMC9zdmciPjwvc3ZnPg==\" style=\"--smush-placeholder-width: 582px; --smush-placeholder-aspect-ratio: 582\/580;\" \/>\t\t\t\t\t\t\t\t\t\t\t\t\t\t\t<\/div>\n\t\t\t\t<\/div>\n\t\t\t\t\t<\/div>\n\t\t<\/div>\n\t\t\t\t<div class=\"elementor-column elementor-col-50 elementor-inner-column elementor-element elementor-element-44fdc4b\" data-id=\"44fdc4b\" data-element_type=\"column\">\n\t\t\t<div class=\"elementor-widget-wrap elementor-element-populated\">\n\t\t\t\t\t\t<div class=\"elementor-element elementor-element-c4e7edb elementor-widget elementor-widget-heading\" data-id=\"c4e7edb\" data-element_type=\"widget\" data-widget_type=\"heading.default\">\n\t\t\t\t<div class=\"elementor-widget-container\">\n\t\t\t\t\t<h3 class=\"elementor-heading-title elementor-size-default\">Workshops. Der Weg ist das Ziel.<\/h3>\t\t\t\t<\/div>\n\t\t\t\t<\/div>\n\t\t\t\t<div class=\"elementor-element elementor-element-b4763a6 elementor-widget elementor-widget-text-editor\" data-id=\"b4763a6\" data-element_type=\"widget\" data-widget_type=\"text-editor.default\">\n\t\t\t\t<div class=\"elementor-widget-container\">\n\t\t\t\t\t\t\t\t\t<p>Ich liebe unsere Workshops. Man lernt sich kennen und bekommt spannende Insights zum Unternehmen. Wir finden dabei immer einen Weg, die Teilnehmer*innen aus der Reserve zu locken und sie dazu zu animieren, sich zu trauen, anders zu denken und auf neue L\u00f6sungswege zu kommen. Out of the box, sozusagen. Wir kneten und basteln, experimentieren und thinken design. Zeichnen Prototypen und lassen uns treiben. Mit dem Ziel, im Flow zu arbeiten und mit viel Kreativit\u00e4t und Produktivit\u00e4t, aber doch klarem Fokus, zu einer L\u00f6sung zu kommen. Workshops, die alle Sinne ansprechen, inspirieren, das WIR-Gef\u00fchl st\u00e4rken, oder \u00fcberhaupt erst entwickeln. Und dabei den bestm\u00f6glichen Output generieren.\u00a0<\/p>\t\t\t\t\t\t\t\t<\/div>\n\t\t\t\t<\/div>\n\t\t\t\t\t<\/div>\n\t\t<\/div>\n\t\t\t\t\t<\/div>\n\t\t<\/section>\n\t\t\t\t<section class=\"elementor-section elementor-inner-section elementor-element elementor-element-d92d255 elementor-reverse-mobile elementor-section-boxed elementor-section-height-default elementor-section-height-default\" data-id=\"d92d255\" data-element_type=\"section\">\n\t\t\t\t\t\t<div class=\"elementor-container elementor-column-gap-default\">\n\t\t\t\t\t<div class=\"elementor-column elementor-col-50 elementor-inner-column elementor-element elementor-element-3a337ca\" data-id=\"3a337ca\" data-element_type=\"column\">\n\t\t\t<div class=\"elementor-widget-wrap elementor-element-populated\">\n\t\t\t\t\t\t<div class=\"elementor-element elementor-element-65a7870 elementor-widget elementor-widget-heading\" data-id=\"65a7870\" data-element_type=\"widget\" data-widget_type=\"heading.default\">\n\t\t\t\t<div class=\"elementor-widget-container\">\n\t\t\t\t\t<h3 class=\"elementor-heading-title elementor-size-default\">Experience Design |&nbsp;Konzeption<\/h3>\t\t\t\t<\/div>\n\t\t\t\t<\/div>\n\t\t\t\t<div class=\"elementor-element elementor-element-3ce002c elementor-widget elementor-widget-text-editor\" data-id=\"3ce002c\" data-element_type=\"widget\" data-widget_type=\"text-editor.default\">\n\t\t\t\t<div class=\"elementor-widget-container\">\n\t\t\t\t\t\t\t\t\t<p>Erlebnisdesign. Kund*innenerlebnisoptimierung. Happy Mitarbeiter*innen. Gl\u00fcckliche Klient*innen. Magic Moments. G\u00e4nsehautfeeling. Seit mehr als 25 Jahren gestalte ich Erlebnisse und Erlebnisr\u00e4ume. Auf Messen, im Handel oder in der Tourismusbranche, auf Sport-Events, B2B-und B2C-Veranstaltungen oder im Bereich der Kultur. Auch f\u00fcr mich waren diese Erlebnisse unvergessliche Momente. \u00dcber all die Jahre war es mir wichtig, den Menschen ein L\u00e4cheln ins Gesicht zu zaubern. Sie dem Alltag entfliehen zu lassen. Mit allen Sinnen. Das Leben erleben. Wir wollen mit dem, was wir tun, ber\u00fchren. Spuren hinterlassen. In Erinnerung bleiben. Sichtbar sein oder werden. Konzepte f\u00fcr solche Momente zu entwickeln und diese dann in einem geeigneten Setting gemeinsam mit meinen Netzwerkpartner:innen zu inszenieren, macht mich gl\u00fccklich.\u00a0<\/p>\t\t\t\t\t\t\t\t<\/div>\n\t\t\t\t<\/div>\n\t\t\t\t\t<\/div>\n\t\t<\/div>\n\t\t\t\t<div class=\"elementor-column elementor-col-50 elementor-inner-column elementor-element elementor-element-cbdf892\" data-id=\"cbdf892\" data-element_type=\"column\" data-settings=\"{&quot;background_background&quot;:&quot;classic&quot;}\">\n\t\t\t<div class=\"elementor-widget-wrap elementor-element-populated\">\n\t\t\t\t\t\t<div class=\"elementor-element elementor-element-e2c5242 elementor-widget elementor-widget-image\" data-id=\"e2c5242\" data-element_type=\"widget\" data-widget_type=\"image.default\">\n\t\t\t\t<div class=\"elementor-widget-container\">\n\t\t\t\t\t\t\t\t\t\t\t\t\t\t\t<img decoding=\"async\" width=\"768\" height=\"1024\" data-src=\"https:\/\/www.elephantsjump.com\/wp-content\/uploads\/2020\/04\/Wonderland-768x1024.jpg\" class=\"attachment-large size-large wp-image-1666 lazyload\" alt=\"Wonderland\" data-srcset=\"https:\/\/www.elephantsjump.com\/wp-content\/uploads\/2020\/04\/Wonderland-768x1024.jpg 768w, https:\/\/www.elephantsjump.com\/wp-content\/uploads\/2020\/04\/Wonderland-225x300.jpg 225w, https:\/\/www.elephantsjump.com\/wp-content\/uploads\/2020\/04\/Wonderland-1152x1536.jpg 1152w, https:\/\/www.elephantsjump.com\/wp-content\/uploads\/2020\/04\/Wonderland-1536x2048.jpg 1536w, https:\/\/www.elephantsjump.com\/wp-content\/uploads\/2020\/04\/Wonderland-scaled.jpg 1920w\" data-sizes=\"(max-width: 768px) 100vw, 768px\" src=\"data:image\/svg+xml;base64,PHN2ZyB3aWR0aD0iMSIgaGVpZ2h0PSIxIiB4bWxucz0iaHR0cDovL3d3dy53My5vcmcvMjAwMC9zdmciPjwvc3ZnPg==\" style=\"--smush-placeholder-width: 768px; --smush-placeholder-aspect-ratio: 768\/1024;\" \/>\t\t\t\t\t\t\t\t\t\t\t\t\t\t\t<\/div>\n\t\t\t\t<\/div>\n\t\t\t\t\t<\/div>\n\t\t<\/div>\n\t\t\t\t\t<\/div>\n\t\t<\/section>\n\t\t\t\t<section class=\"elementor-section elementor-inner-section elementor-element elementor-element-a8b8ede elementor-section-boxed elementor-section-height-default elementor-section-height-default\" data-id=\"a8b8ede\" data-element_type=\"section\">\n\t\t\t\t\t\t<div class=\"elementor-container elementor-column-gap-default\">\n\t\t\t\t\t<div class=\"elementor-column elementor-col-50 elementor-inner-column elementor-element elementor-element-18392a8\" data-id=\"18392a8\" data-element_type=\"column\" data-settings=\"{&quot;background_background&quot;:&quot;classic&quot;}\">\n\t\t\t<div class=\"elementor-widget-wrap elementor-element-populated\">\n\t\t\t\t\t\t<div class=\"elementor-element elementor-element-3dac408 elementor-widget elementor-widget-image\" data-id=\"3dac408\" data-element_type=\"widget\" data-widget_type=\"image.default\">\n\t\t\t\t<div class=\"elementor-widget-container\">\n\t\t\t\t\t\t\t\t\t\t\t\t\t\t\t<img decoding=\"async\" width=\"900\" height=\"674\" data-src=\"https:\/\/www.elephantsjump.com\/wp-content\/uploads\/2020\/04\/VideoShoot-1024x767.jpg\" class=\"attachment-large size-large wp-image-1602 lazyload\" alt=\"\" data-srcset=\"https:\/\/www.elephantsjump.com\/wp-content\/uploads\/2020\/04\/VideoShoot-1024x767.jpg 1024w, https:\/\/www.elephantsjump.com\/wp-content\/uploads\/2020\/04\/VideoShoot-300x225.jpg 300w, https:\/\/www.elephantsjump.com\/wp-content\/uploads\/2020\/04\/VideoShoot-768x576.jpg 768w, https:\/\/www.elephantsjump.com\/wp-content\/uploads\/2020\/04\/VideoShoot-1536x1151.jpg 1536w, https:\/\/www.elephantsjump.com\/wp-content\/uploads\/2020\/04\/VideoShoot.jpg 1600w\" data-sizes=\"(max-width: 900px) 100vw, 900px\" src=\"data:image\/svg+xml;base64,PHN2ZyB3aWR0aD0iMSIgaGVpZ2h0PSIxIiB4bWxucz0iaHR0cDovL3d3dy53My5vcmcvMjAwMC9zdmciPjwvc3ZnPg==\" style=\"--smush-placeholder-width: 900px; --smush-placeholder-aspect-ratio: 900\/674;\" \/>\t\t\t\t\t\t\t\t\t\t\t\t\t\t\t<\/div>\n\t\t\t\t<\/div>\n\t\t\t\t\t<\/div>\n\t\t<\/div>\n\t\t\t\t<div class=\"elementor-column elementor-col-50 elementor-inner-column elementor-element elementor-element-6af7342\" data-id=\"6af7342\" data-element_type=\"column\">\n\t\t\t<div class=\"elementor-widget-wrap elementor-element-populated\">\n\t\t\t\t\t\t<div class=\"elementor-element elementor-element-ef09cde elementor-widget elementor-widget-heading\" data-id=\"ef09cde\" data-element_type=\"widget\" data-widget_type=\"heading.default\">\n\t\t\t\t<div class=\"elementor-widget-container\">\n\t\t\t\t\t<h3 class=\"elementor-heading-title elementor-size-default\">Personal Branding <\/h3>\t\t\t\t<\/div>\n\t\t\t\t<\/div>\n\t\t\t\t<div class=\"elementor-element elementor-element-7a28c76 elementor-widget elementor-widget-text-editor\" data-id=\"7a28c76\" data-element_type=\"widget\" data-widget_type=\"text-editor.default\">\n\t\t\t\t<div class=\"elementor-widget-container\">\n\t\t\t\t\t\t\t\t\t<p>Seit Jahren begleite ich Kulturschaffende und K\u00fcnstler*innen auf ihrem Weg zur Marke. Wir stellen uns die Frage, wie die Person in der \u00d6ffentlichkeit gesehen werden will? Mit welchen Inhalten, Botschaften und Stilmitteln, sollen welche Werte authentisch vermittelt werden. Es geht darum, im Au\u00dfen sichtbar zu werden, um erfolgreich zu sein. Man lebt ja nicht von der Kunst allein. Durch authentisches Storytelling und der Entwicklung einer klaren Positionierungsstrategie, entwickelt sich mit der Zeit das gew\u00fcnschte Image, welches k\u00fcnftig den Marktwert positiv beeinflusst.\u00a0<\/p>\t\t\t\t\t\t\t\t<\/div>\n\t\t\t\t<\/div>\n\t\t\t\t\t<\/div>\n\t\t<\/div>\n\t\t\t\t\t<\/div>\n\t\t<\/section>\n\t\t\t\t\t<\/div>\n\t\t<\/div>\n\t\t\t\t\t<\/div>\n\t\t<\/section>\n\t\t\t\t<\/div>\n\t\t","protected":false},"excerpt":{"rendered":"<p>BRAND EXPERIENCE DESIGN In Zeiten der Transformation ver\u00e4ndert sich das Denken \u00fcber eine Marke. Brand Experience Design ist der Gestaltungsprozess zur Verbesserung eines Markenerlebnisses. Entscheidend ist, wie und aus welchen Gr\u00fcnden Konsument*innen eine Marke wahrnehmen und in ihrer Erinnerung abspeichern. Markenwelt im Umbruch Durch neue Technologien, die Digitalisierung und den stetigen Wertewandel richten wir auch [&hellip;]<\/p>\n","protected":false},"author":1,"featured_media":1391,"parent":0,"menu_order":0,"comment_status":"closed","ping_status":"closed","template":"","meta":{"site-sidebar-layout":"no-sidebar","site-content-layout":"page-builder","ast-site-content-layout":"full-width-container","site-content-style":"unboxed","site-sidebar-style":"unboxed","ast-global-header-display":"","ast-banner-title-visibility":"","ast-main-header-display":"","ast-hfb-above-header-display":"","ast-hfb-below-header-display":"","ast-hfb-mobile-header-display":"","site-post-title":"disabled","ast-breadcrumbs-content":"","ast-featured-img":"disabled","footer-sml-layout":"","ast-disable-related-posts":"","theme-transparent-header-meta":"default","adv-header-id-meta":"","stick-header-meta":"","header-above-stick-meta":"","header-main-stick-meta":"","header-below-stick-meta":"","astra-migrate-meta-layouts":"set","ast-page-background-enabled":"default","ast-page-background-meta":{"desktop":{"background-color":"","background-image":"","background-repeat":"repeat","background-position":"center center","background-size":"auto","background-attachment":"scroll","background-type":"","background-media":"","overlay-type":"","overlay-color":"","overlay-opacity":"","overlay-gradient":""},"tablet":{"background-color":"","background-image":"","background-repeat":"repeat","background-position":"center center","background-size":"auto","background-attachment":"scroll","background-type":"","background-media":"","overlay-type":"","overlay-color":"","overlay-opacity":"","overlay-gradient":""},"mobile":{"background-color":"","background-image":"","background-repeat":"repeat","background-position":"center center","background-size":"auto","background-attachment":"scroll","background-type":"","background-media":"","overlay-type":"","overlay-color":"","overlay-opacity":"","overlay-gradient":""}},"ast-content-background-meta":{"desktop":{"background-color":"var(--ast-global-color-5)","background-image":"","background-repeat":"repeat","background-position":"center center","background-size":"auto","background-attachment":"scroll","background-type":"","background-media":"","overlay-type":"","overlay-color":"","overlay-opacity":"","overlay-gradient":""},"tablet":{"background-color":"var(--ast-global-color-5)","background-image":"","background-repeat":"repeat","background-position":"center center","background-size":"auto","background-attachment":"scroll","background-type":"","background-media":"","overlay-type":"","overlay-color":"","overlay-opacity":"","overlay-gradient":""},"mobile":{"background-color":"var(--ast-global-color-5)","background-image":"","background-repeat":"repeat","background-position":"center center","background-size":"auto","background-attachment":"scroll","background-type":"","background-media":"","overlay-type":"","overlay-color":"","overlay-opacity":"","overlay-gradient":""}},"footnotes":""},"class_list":["post-934","page","type-page","status-publish","has-post-thumbnail","hentry"],"_links":{"self":[{"href":"https:\/\/www.elephantsjump.com\/index.php?rest_route=\/wp\/v2\/pages\/934","targetHints":{"allow":["GET"]}}],"collection":[{"href":"https:\/\/www.elephantsjump.com\/index.php?rest_route=\/wp\/v2\/pages"}],"about":[{"href":"https:\/\/www.elephantsjump.com\/index.php?rest_route=\/wp\/v2\/types\/page"}],"author":[{"embeddable":true,"href":"https:\/\/www.elephantsjump.com\/index.php?rest_route=\/wp\/v2\/users\/1"}],"replies":[{"embeddable":true,"href":"https:\/\/www.elephantsjump.com\/index.php?rest_route=%2Fwp%2Fv2%2Fcomments&post=934"}],"version-history":[{"count":181,"href":"https:\/\/www.elephantsjump.com\/index.php?rest_route=\/wp\/v2\/pages\/934\/revisions"}],"predecessor-version":[{"id":3315,"href":"https:\/\/www.elephantsjump.com\/index.php?rest_route=\/wp\/v2\/pages\/934\/revisions\/3315"}],"wp:featuredmedia":[{"embeddable":true,"href":"https:\/\/www.elephantsjump.com\/index.php?rest_route=\/wp\/v2\/media\/1391"}],"wp:attachment":[{"href":"https:\/\/www.elephantsjump.com\/index.php?rest_route=%2Fwp%2Fv2%2Fmedia&parent=934"}],"curies":[{"name":"wp","href":"https:\/\/api.w.org\/{rel}","templated":true}]}}