{"id":358,"date":"2019-11-17T20:25:52","date_gmt":"2019-11-17T20:25:52","guid":{"rendered":"https:\/\/www.elephantsjump.com\/?page_id=358"},"modified":"2026-01-18T10:22:55","modified_gmt":"2026-01-18T10:22:55","slug":"impressum-elephants-jump","status":"publish","type":"page","link":"https:\/\/www.elephantsjump.com\/?page_id=358","title":{"rendered":"Impressum"},"content":{"rendered":"\t\t<div data-elementor-type=\"wp-page\" data-elementor-id=\"358\" class=\"elementor elementor-358\" data-elementor-post-type=\"page\">\n\t\t\t\t\t\t<section class=\"elementor-section elementor-top-section elementor-element elementor-element-94a276a elementor-section-boxed elementor-section-height-default elementor-section-height-default\" data-id=\"94a276a\" data-element_type=\"section\">\n\t\t\t\t\t\t<div class=\"elementor-container elementor-column-gap-default\">\n\t\t\t\t\t<div class=\"elementor-column elementor-col-100 elementor-top-column elementor-element elementor-element-76f4619\" data-id=\"76f4619\" data-element_type=\"column\">\n\t\t\t<div class=\"elementor-widget-wrap elementor-element-populated\">\n\t\t\t\t\t\t<section class=\"elementor-section elementor-inner-section elementor-element elementor-element-4d906f5 elementor-section-boxed elementor-section-height-default elementor-section-height-default\" data-id=\"4d906f5\" data-element_type=\"section\">\n\t\t\t\t\t\t<div class=\"elementor-container elementor-column-gap-default\">\n\t\t\t\t\t<div class=\"elementor-column elementor-col-33 elementor-inner-column elementor-element elementor-element-25b96c3\" data-id=\"25b96c3\" data-element_type=\"column\">\n\t\t\t<div class=\"elementor-widget-wrap\">\n\t\t\t\t\t\t\t<\/div>\n\t\t<\/div>\n\t\t\t\t<div class=\"elementor-column elementor-col-33 elementor-inner-column elementor-element elementor-element-e9bab30\" data-id=\"e9bab30\" data-element_type=\"column\">\n\t\t\t<div class=\"elementor-widget-wrap elementor-element-populated\">\n\t\t\t\t\t\t<div class=\"elementor-element elementor-element-4dd6550 elementor-widget elementor-widget-text-editor\" data-id=\"4dd6550\" data-element_type=\"widget\" data-widget_type=\"text-editor.default\">\n\t\t\t\t<div class=\"elementor-widget-container\">\n\t\t\t\t\t\t\t\t\t<h1>Impressum<\/h1><p><u>ELEPHANTS JUMP GmbH\u00a0<\/u><br \/>Agentur f\u00fcr Experience Design<\/p><p>Dagmar Grimus-Leitgeb, MA MAS<br \/>UID | ATU 77837218<br \/>FN 575540 h<br \/>EORI | ATEOS1000123212<br \/>HG Wien<\/p><p>Tuchlauben 7A<br \/>1010 Wien | Austria<br \/>Mobile: +43 676 848660220<br \/>Email: hello@elephantsjump.com<\/p><p>Unternehmensgegenstand: Strategische Beratung in den Bereichen Customer Experience Design, Brand Experience und Employee Experience Design | Nachhaltiges Marketing | Werbeagentur | Handel<\/p><h3>Eigent\u00fcmerin:<\/h3><p>Dagmar Grimus-Leitgeb, MA MAS<\/p><h3>Fotocredits:<\/h3><p>Portraits | Andreas Hoyer http:\/\/andreashoyer.com\/photography\/<\/p><p>Images\/Moods | Thanks to the amazing photographers of http:\/\/unsplash.com || Javier Allegue Barros, Perry Grone, Shane Rounce, Simon Migaj, Ian Schneider, Harry Cunningham, Rawpixel, Margot Richards, Andrey Konstantinov, Mathieu Stern, Shirly Niv Marton, Fingaz, Mask Group, Tim Mossholder, You X Ventures<\/p><h3>Inhalt und Zweck der Website:<\/h3><p>Information \u00fcber das Unternehmen sowie Produkte, Aktionen und Wissenswertes rund um den Unternehmensgegenstand.<\/p><h3>Copyright, Haftungsausschluss:<\/h3><p>Die Urheber*in haftet nicht f\u00fcr allf\u00e4llige falsche Angaben auf der Homepage. Alle Angaben sind ohne Gew\u00e4hr. Die verwendeten Inhalte d\u00fcrfen nur nach vorheriger Zustimmung der Urheber*in verwendet werden. Alle Rechte vorbehalten.<\/p><h3>Datenschutzerkl\u00e4rung:<\/h3><p>Die\u00a0Datenschutzerkl\u00e4rung entsprechend der geltenden Datenschutzgrundverordnung (DSGVO) kl\u00e4rt Sie \u00fcber die Art, den Umfang und Zweck der Verarbeitung von personenbezogenen Daten innerhalb unseres Onlineangebotes und der mit ihm verbundenen Webseiten auf.<\/p>\t\t\t\t\t\t\t\t<\/div>\n\t\t\t\t<\/div>\n\t\t\t\t<div class=\"elementor-element elementor-element-8f9b5be elementor-widget elementor-widget-button\" data-id=\"8f9b5be\" data-element_type=\"widget\" data-widget_type=\"button.default\">\n\t\t\t\t<div class=\"elementor-widget-container\">\n\t\t\t\t\t\t\t\t\t<div class=\"elementor-button-wrapper\">\n\t\t\t\t\t<a class=\"elementor-button elementor-button-link elementor-size-sm\" href=\"?page_id=714\">\n\t\t\t\t\t\t<span class=\"elementor-button-content-wrapper\">\n\t\t\t\t\t\t<span class=\"elementor-button-icon\">\n\t\t\t\t<i aria-hidden=\"true\" class=\"fas fa-arrow-right\"><\/i>\t\t\t<\/span>\n\t\t\t\t\t\t\t\t\t<span class=\"elementor-button-text\">Datenschutzerkl\u00e4rung<\/span>\n\t\t\t\t\t<\/span>\n\t\t\t\t\t<\/a>\n\t\t\t\t<\/div>\n\t\t\t\t\t\t\t\t<\/div>\n\t\t\t\t<\/div>\n\t\t\t\t\t<\/div>\n\t\t<\/div>\n\t\t\t\t<div class=\"elementor-column elementor-col-33 elementor-inner-column elementor-element elementor-element-6fdd5f9\" data-id=\"6fdd5f9\" data-element_type=\"column\">\n\t\t\t<div class=\"elementor-widget-wrap\">\n\t\t\t\t\t\t\t<\/div>\n\t\t<\/div>\n\t\t\t\t\t<\/div>\n\t\t<\/section>\n\t\t\t\t\t<\/div>\n\t\t<\/div>\n\t\t\t\t\t<\/div>\n\t\t<\/section>\n\t\t\t\t<\/div>\n\t\t","protected":false},"excerpt":{"rendered":"<p>Impressum ELEPHANTS JUMP GmbH\u00a0Agentur f\u00fcr Experience Design Dagmar Grimus-Leitgeb, MA MASUID | ATU 77837218FN 575540 hEORI | ATEOS1000123212HG Wien Tuchlauben 7A1010 Wien | AustriaMobile: +43 676 848660220Email: hello@elephantsjump.com Unternehmensgegenstand: Strategische Beratung in den Bereichen Customer Experience Design, Brand Experience und Employee Experience Design | Nachhaltiges Marketing | Werbeagentur | Handel Eigent\u00fcmerin: Dagmar Grimus-Leitgeb, MA MAS [&hellip;]<\/p>\n","protected":false},"author":1,"featured_media":0,"parent":0,"menu_order":0,"comment_status":"closed","ping_status":"closed","template":"","meta":{"site-sidebar-layout":"no-sidebar","site-content-layout":"page-builder","ast-site-content-layout":"default","site-content-style":"default","site-sidebar-style":"default","ast-global-header-display":"","ast-banner-title-visibility":"","ast-main-header-display":"","ast-hfb-above-header-display":"","ast-hfb-below-header-display":"","ast-hfb-mobile-header-display":"","site-post-title":"","ast-breadcrumbs-content":"","ast-featured-img":"disabled","footer-sml-layout":"","ast-disable-related-posts":"","theme-transparent-header-meta":"disabled","adv-header-id-meta":"","stick-header-meta":"","header-above-stick-meta":"","header-main-stick-meta":"","header-below-stick-meta":"","astra-migrate-meta-layouts":"default","ast-page-background-enabled":"default","ast-page-background-meta":{"desktop":{"background-color":"","background-image":"","background-repeat":"repeat","background-position":"center center","background-size":"auto","background-attachment":"scroll","background-type":"","background-media":"","overlay-type":"","overlay-color":"","overlay-opacity":"","overlay-gradient":""},"tablet":{"background-color":"","background-image":"","background-repeat":"repeat","background-position":"center center","background-size":"auto","background-attachment":"scroll","background-type":"","background-media":"","overlay-type":"","overlay-color":"","overlay-opacity":"","overlay-gradient":""},"mobile":{"background-color":"","background-image":"","background-repeat":"repeat","background-position":"center center","background-size":"auto","background-attachment":"scroll","background-type":"","background-media":"","overlay-type":"","overlay-color":"","overlay-opacity":"","overlay-gradient":""}},"ast-content-background-meta":{"desktop":{"background-color":"var(--ast-global-color-5)","background-image":"","background-repeat":"repeat","background-position":"center center","background-size":"auto","background-attachment":"scroll","background-type":"","background-media":"","overlay-type":"","overlay-color":"","overlay-opacity":"","overlay-gradient":""},"tablet":{"background-color":"var(--ast-global-color-5)","background-image":"","background-repeat":"repeat","background-position":"center center","background-size":"auto","background-attachment":"scroll","background-type":"","background-media":"","overlay-type":"","overlay-color":"","overlay-opacity":"","overlay-gradient":""},"mobile":{"background-color":"var(--ast-global-color-5)","background-image":"","background-repeat":"repeat","background-position":"center center","background-size":"auto","background-attachment":"scroll","background-type":"","background-media":"","overlay-type":"","overlay-color":"","overlay-opacity":"","overlay-gradient":""}},"footnotes":""},"class_list":["post-358","page","type-page","status-publish","hentry"],"_links":{"self":[{"href":"https:\/\/www.elephantsjump.com\/index.php?rest_route=\/wp\/v2\/pages\/358","targetHints":{"allow":["GET"]}}],"collection":[{"href":"https:\/\/www.elephantsjump.com\/index.php?rest_route=\/wp\/v2\/pages"}],"about":[{"href":"https:\/\/www.elephantsjump.com\/index.php?rest_route=\/wp\/v2\/types\/page"}],"author":[{"embeddable":true,"href":"https:\/\/www.elephantsjump.com\/index.php?rest_route=\/wp\/v2\/users\/1"}],"replies":[{"embeddable":true,"href":"https:\/\/www.elephantsjump.com\/index.php?rest_route=%2Fwp%2Fv2%2Fcomments&post=358"}],"version-history":[{"count":44,"href":"https:\/\/www.elephantsjump.com\/index.php?rest_route=\/wp\/v2\/pages\/358\/revisions"}],"predecessor-version":[{"id":3390,"href":"https:\/\/www.elephantsjump.com\/index.php?rest_route=\/wp\/v2\/pages\/358\/revisions\/3390"}],"wp:attachment":[{"href":"https:\/\/www.elephantsjump.com\/index.php?rest_route=%2Fwp%2Fv2%2Fmedia&parent=358"}],"curies":[{"name":"wp","href":"https:\/\/api.w.org\/{rel}","templated":true}]}}