{"id":3026,"date":"2023-03-24T09:52:14","date_gmt":"2023-03-24T09:52:14","guid":{"rendered":"https:\/\/www.elephantsjump.com\/?page_id=3026"},"modified":"2023-11-30T18:21:55","modified_gmt":"2023-11-30T18:21:55","slug":"blog-elephants-jump-experience-design-marketing","status":"publish","type":"page","link":"https:\/\/www.elephantsjump.com\/?page_id=3026","title":{"rendered":"Blog"},"content":{"rendered":"\t\t<div data-elementor-type=\"wp-page\" data-elementor-id=\"3026\" class=\"elementor elementor-3026\" data-elementor-post-type=\"page\">\n\t\t\t\t\t\t<section class=\"elementor-section elementor-top-section elementor-element elementor-element-691cba0 elementor-section-height-min-height elementor-section-content-middle elementor-section-boxed elementor-section-height-default elementor-section-items-middle\" data-id=\"691cba0\" data-element_type=\"section\" data-settings=\"{&quot;background_background&quot;:&quot;classic&quot;,&quot;background_motion_fx_motion_fx_scrolling&quot;:&quot;yes&quot;,&quot;background_motion_fx_translateY_effect&quot;:&quot;yes&quot;,&quot;background_motion_fx_translateY_direction&quot;:&quot;negative&quot;,&quot;background_motion_fx_translateY_speed&quot;:{&quot;unit&quot;:&quot;px&quot;,&quot;size&quot;:1.6999999999999999555910790149937383830547332763671875,&quot;sizes&quot;:[]},&quot;background_motion_fx_translateY_affectedRange&quot;:{&quot;unit&quot;:&quot;%&quot;,&quot;size&quot;:&quot;&quot;,&quot;sizes&quot;:{&quot;start&quot;:0,&quot;end&quot;:100}},&quot;background_motion_fx_devices&quot;:[&quot;desktop&quot;,&quot;tablet&quot;,&quot;mobile&quot;]}\">\n\t\t\t\t\t\t\t<div class=\"elementor-background-overlay\"><\/div>\n\t\t\t\t\t\t\t<div class=\"elementor-container elementor-column-gap-default\">\n\t\t\t\t\t<div class=\"elementor-column elementor-col-100 elementor-top-column elementor-element elementor-element-064a3b0\" data-id=\"064a3b0\" data-element_type=\"column\">\n\t\t\t<div class=\"elementor-widget-wrap elementor-element-populated\">\n\t\t\t\t\t\t<div class=\"elementor-element elementor-element-18e474e elementor-widget elementor-widget-heading\" data-id=\"18e474e\" data-element_type=\"widget\" data-widget_type=\"heading.default\">\n\t\t\t\t<div class=\"elementor-widget-container\">\n\t\t\t\t\t<h1 class=\"elementor-heading-title elementor-size-default\">GEDANKENSPLITTER<\/h1>\t\t\t\t<\/div>\n\t\t\t\t<\/div>\n\t\t\t\t<div class=\"elementor-element elementor-element-793b7ec elementor-widget elementor-widget-heading\" data-id=\"793b7ec\" data-element_type=\"widget\" data-widget_type=\"heading.default\">\n\t\t\t\t<div class=\"elementor-widget-container\">\n\t\t\t\t\t<h2 class=\"elementor-heading-title elementor-size-default\">Denken Sie nicht an einen springenden Elefanten.<\/h2>\t\t\t\t<\/div>\n\t\t\t\t<\/div>\n\t\t\t\t\t<\/div>\n\t\t<\/div>\n\t\t\t\t\t<\/div>\n\t\t<\/section>\n\t\t\t\t<section class=\"elementor-section elementor-top-section elementor-element elementor-element-99b5d2b elementor-section-boxed elementor-section-height-default elementor-section-height-default\" data-id=\"99b5d2b\" data-element_type=\"section\">\n\t\t\t\t\t\t<div class=\"elementor-container elementor-column-gap-default\">\n\t\t\t\t\t<div class=\"elementor-column elementor-col-100 elementor-top-column elementor-element elementor-element-cc3b6ff\" data-id=\"cc3b6ff\" data-element_type=\"column\">\n\t\t\t<div class=\"elementor-widget-wrap elementor-element-populated\">\n\t\t\t\t\t\t<div class=\"elementor-element elementor-element-a98bc7f elementor-grid-3 elementor-grid-tablet-2 elementor-grid-mobile-1 elementor-posts--thumbnail-top elementor-widget elementor-widget-posts\" data-id=\"a98bc7f\" data-element_type=\"widget\" data-settings=\"{&quot;classic_columns&quot;:&quot;3&quot;,&quot;classic_columns_tablet&quot;:&quot;2&quot;,&quot;classic_columns_mobile&quot;:&quot;1&quot;,&quot;classic_row_gap&quot;:{&quot;unit&quot;:&quot;px&quot;,&quot;size&quot;:35,&quot;sizes&quot;:[]},&quot;classic_row_gap_tablet&quot;:{&quot;unit&quot;:&quot;px&quot;,&quot;size&quot;:&quot;&quot;,&quot;sizes&quot;:[]},&quot;classic_row_gap_mobile&quot;:{&quot;unit&quot;:&quot;px&quot;,&quot;size&quot;:&quot;&quot;,&quot;sizes&quot;:[]}}\" data-widget_type=\"posts.classic\">\n\t\t\t\t<div class=\"elementor-widget-container\">\n\t\t\t\t\t\t\t<div class=\"elementor-posts-container elementor-posts elementor-posts--skin-classic elementor-grid\" role=\"list\">\n\t\t\t\t<article class=\"elementor-post elementor-grid-item post-3458 post type-post status-publish format-standard has-post-thumbnail hentry category-uncategorized tag-20-jahre-elephants-jump tag-brand-experience-design tag-customerexperience tag-employer-experience tag-experience-design tag-jubilaum tag-marketing tag-nachhaltiges-marketing\" role=\"listitem\">\n\t\t\t\t<a class=\"elementor-post__thumbnail__link\" href=\"https:\/\/www.elephantsjump.com\/?p=3458\" tabindex=\"-1\">\n\t\t\t<div class=\"elementor-post__thumbnail\"><img fetchpriority=\"high\" decoding=\"async\" width=\"1024\" height=\"957\" src=\"https:\/\/www.elephantsjump.com\/wp-content\/uploads\/2026\/03\/Dagmar-GrimusLeitgeb_young-1024x957.png\" class=\"attachment-large size-large wp-image-3453\" alt=\"Dagmar Grimus-Leitgeb\" srcset=\"https:\/\/www.elephantsjump.com\/wp-content\/uploads\/2026\/03\/Dagmar-GrimusLeitgeb_young-1024x957.png 1024w, https:\/\/www.elephantsjump.com\/wp-content\/uploads\/2026\/03\/Dagmar-GrimusLeitgeb_young-300x280.png 300w, https:\/\/www.elephantsjump.com\/wp-content\/uploads\/2026\/03\/Dagmar-GrimusLeitgeb_young-768x718.png 768w, https:\/\/www.elephantsjump.com\/wp-content\/uploads\/2026\/03\/Dagmar-GrimusLeitgeb_young.png 1342w\" sizes=\"(max-width: 1024px) 100vw, 1024px\" \/><\/div>\n\t\t<\/a>\n\t\t\t\t<div class=\"elementor-post__text\">\n\t\t\t\t<h3 class=\"elementor-post__title\">\n\t\t\t<a href=\"https:\/\/www.elephantsjump.com\/?p=3458\">\n\t\t\t\t20 Jahre und viele Elefantenspr\u00fcnge &#8211; Agentur f\u00fcr Experience Design feiert Geburtstag\t\t\t<\/a>\n\t\t<\/h3>\n\t\t\t\t<div class=\"elementor-post__meta-data\">\n\t\t\t\t\t<span class=\"elementor-post-date\">\n\t\t\t06.03.2026\t\t<\/span>\n\t\t\t\t<\/div>\n\t\t\t\t<div class=\"elementor-post__excerpt\">\n\t\t\t<p>Am 6. M\u00e4rz 2006 war ich bereit f\u00fcr etwas Neues. Neugierig, mutig \u2013 und entschlossen, den n\u00e4chsten Schritt zu wagen: den Sprung in die Selbstst\u00e4ndigkeit. Einen Elefantensprung. Und mir war damals schon klar, dass es nicht immer leicht sein w\u00fcrde.<br \/>\nHeute, nach 20 Jahren \u201eElefanten springen lassen\u201c, bin ich dankbar und stolz, mit meiner Agentur f\u00fcr Experience Design &#038; nachhaltiges Marketing so tolle Projekte zu begleiten.<\/p>\n\t\t<\/div>\n\t\t\n\t\t<a class=\"elementor-post__read-more\" href=\"https:\/\/www.elephantsjump.com\/?p=3458\" aria-label=\"Read more about 20 Jahre und viele Elefantenspr\u00fcnge &#8211; Agentur f\u00fcr Experience Design feiert Geburtstag\" tabindex=\"-1\">\n\t\t\tmehr \u00bb\t\t<\/a>\n\n\t\t\t\t<\/div>\n\t\t\t\t<\/article>\n\t\t\t\t<article class=\"elementor-post elementor-grid-item post-3367 post type-post status-publish format-standard has-post-thumbnail hentry category-uncategorized tag-customerexperience tag-experience-design tag-generation-z tag-genz tag-hospitality tag-hotelbiz tag-hotelbusiness tag-tourism\" role=\"listitem\">\n\t\t\t\t<a class=\"elementor-post__thumbnail__link\" href=\"https:\/\/www.elephantsjump.com\/?p=3367\" tabindex=\"-1\">\n\t\t\t<div class=\"elementor-post__thumbnail\"><img decoding=\"async\" width=\"818\" height=\"1024\" data-src=\"https:\/\/www.elephantsjump.com\/wp-content\/uploads\/2025\/02\/GenZ_needs-in-hotel-business-818x1024.png\" class=\"attachment-large size-large wp-image-3368 lazyload\" alt=\"Hotel Entrance\" data-srcset=\"https:\/\/www.elephantsjump.com\/wp-content\/uploads\/2025\/02\/GenZ_needs-in-hotel-business-818x1024.png 818w, https:\/\/www.elephantsjump.com\/wp-content\/uploads\/2025\/02\/GenZ_needs-in-hotel-business-240x300.png 240w, https:\/\/www.elephantsjump.com\/wp-content\/uploads\/2025\/02\/GenZ_needs-in-hotel-business-768x962.png 768w, https:\/\/www.elephantsjump.com\/wp-content\/uploads\/2025\/02\/GenZ_needs-in-hotel-business.png 888w\" data-sizes=\"(max-width: 818px) 100vw, 818px\" src=\"data:image\/svg+xml;base64,PHN2ZyB3aWR0aD0iMSIgaGVpZ2h0PSIxIiB4bWxucz0iaHR0cDovL3d3dy53My5vcmcvMjAwMC9zdmciPjwvc3ZnPg==\" style=\"--smush-placeholder-width: 818px; --smush-placeholder-aspect-ratio: 818\/1024;\" \/><\/div>\n\t\t<\/a>\n\t\t\t\t<div class=\"elementor-post__text\">\n\t\t\t\t<h3 class=\"elementor-post__title\">\n\t\t\t<a href=\"https:\/\/www.elephantsjump.com\/?p=3367\">\n\t\t\t\tGeneration Z: Neue G\u00e4ste, neue Erwartungen im Hotel Business\t\t\t<\/a>\n\t\t<\/h3>\n\t\t\t\t<div class=\"elementor-post__meta-data\">\n\t\t\t\t\t<span class=\"elementor-post-date\">\n\t\t\t10.02.2025\t\t<\/span>\n\t\t\t\t<\/div>\n\t\t\t\t<div class=\"elementor-post__excerpt\">\n\t\t\t<p>Gen Z: Neue G\u00e4ste, neue Erwartungen.<br \/>\nDie Zukunft der Hospitality ist digital, individuell und nachhaltig. Wer die Gen Z verstehen und begeistern will, muss ihre Werte und Erwartungen konsequent in den Mittelpunkt stellen.<\/p>\n\t\t<\/div>\n\t\t\n\t\t<a class=\"elementor-post__read-more\" href=\"https:\/\/www.elephantsjump.com\/?p=3367\" aria-label=\"Read more about Generation Z: Neue G\u00e4ste, neue Erwartungen im Hotel Business\" tabindex=\"-1\">\n\t\t\tmehr \u00bb\t\t<\/a>\n\n\t\t\t\t<\/div>\n\t\t\t\t<\/article>\n\t\t\t\t<article class=\"elementor-post elementor-grid-item post-3333 post type-post status-publish format-standard has-post-thumbnail hentry category-uncategorized tag-brandconsultant tag-marketing\" role=\"listitem\">\n\t\t\t\t<a class=\"elementor-post__thumbnail__link\" href=\"https:\/\/www.elephantsjump.com\/?p=3333\" tabindex=\"-1\">\n\t\t\t<div class=\"elementor-post__thumbnail\"><img decoding=\"async\" width=\"1024\" height=\"685\" data-src=\"https:\/\/www.elephantsjump.com\/wp-content\/uploads\/2024\/04\/Bildschirmfoto-2024-04-08-um-18.55.14-1024x685.png\" class=\"attachment-large size-large wp-image-3334 lazyload\" alt=\"Das Bild zeigt die Beraterin f\u00fcr Experience Design, Dagmar Grimus-Leitgeb\" data-srcset=\"https:\/\/www.elephantsjump.com\/wp-content\/uploads\/2024\/04\/Bildschirmfoto-2024-04-08-um-18.55.14-1024x685.png 1024w, https:\/\/www.elephantsjump.com\/wp-content\/uploads\/2024\/04\/Bildschirmfoto-2024-04-08-um-18.55.14-300x201.png 300w, https:\/\/www.elephantsjump.com\/wp-content\/uploads\/2024\/04\/Bildschirmfoto-2024-04-08-um-18.55.14-768x513.png 768w, https:\/\/www.elephantsjump.com\/wp-content\/uploads\/2024\/04\/Bildschirmfoto-2024-04-08-um-18.55.14.png 1026w\" data-sizes=\"(max-width: 1024px) 100vw, 1024px\" src=\"data:image\/svg+xml;base64,PHN2ZyB3aWR0aD0iMSIgaGVpZ2h0PSIxIiB4bWxucz0iaHR0cDovL3d3dy53My5vcmcvMjAwMC9zdmciPjwvc3ZnPg==\" style=\"--smush-placeholder-width: 1024px; --smush-placeholder-aspect-ratio: 1024\/685;\" \/><\/div>\n\t\t<\/a>\n\t\t\t\t<div class=\"elementor-post__text\">\n\t\t\t\t<h3 class=\"elementor-post__title\">\n\t\t\t<a href=\"https:\/\/www.elephantsjump.com\/?p=3333\">\n\t\t\t\tF\u00fcnf Fakten. Beratung im Wandel.\t\t\t<\/a>\n\t\t<\/h3>\n\t\t\t\t<div class=\"elementor-post__meta-data\">\n\t\t\t\t\t<span class=\"elementor-post-date\">\n\t\t\t08.04.2024\t\t<\/span>\n\t\t\t\t<\/div>\n\t\t\t\t<div class=\"elementor-post__excerpt\">\n\t\t\t<p>Quelle: Die Presse &#8211; Management &amp; Karriere, 5. April 2024 Als aufmerksame und langj\u00e4hrige Leserin der \u201eDie Presse \u2013 Management &amp; Karriere\u201c ist mir am<\/p>\n\t\t<\/div>\n\t\t\n\t\t<a class=\"elementor-post__read-more\" href=\"https:\/\/www.elephantsjump.com\/?p=3333\" aria-label=\"Read more about F\u00fcnf Fakten. Beratung im Wandel.\" tabindex=\"-1\">\n\t\t\tmehr \u00bb\t\t<\/a>\n\n\t\t\t\t<\/div>\n\t\t\t\t<\/article>\n\t\t\t\t<article class=\"elementor-post elementor-grid-item post-3317 post type-post status-publish format-standard has-post-thumbnail hentry category-uncategorized tag-agentur tag-brandconsultant tag-brandexperience tag-customerexperience tag-elephantsjump tag-epu tag-experiencedesing tag-marketing tag-werbung tag-wko\" role=\"listitem\">\n\t\t\t\t<a class=\"elementor-post__thumbnail__link\" href=\"https:\/\/www.elephantsjump.com\/?p=3317\" tabindex=\"-1\">\n\t\t\t<div class=\"elementor-post__thumbnail\"><img decoding=\"async\" width=\"1024\" height=\"670\" data-src=\"https:\/\/www.elephantsjump.com\/wp-content\/uploads\/2020\/04\/dagmar-1-1024x670.jpg\" class=\"attachment-large size-large wp-image-1442 lazyload\" alt=\"Portrait Dagmar Grimus-Leitgeb springend\" data-srcset=\"https:\/\/www.elephantsjump.com\/wp-content\/uploads\/2020\/04\/dagmar-1-1024x670.jpg 1024w, https:\/\/www.elephantsjump.com\/wp-content\/uploads\/2020\/04\/dagmar-1-300x196.jpg 300w, https:\/\/www.elephantsjump.com\/wp-content\/uploads\/2020\/04\/dagmar-1-768x503.jpg 768w, https:\/\/www.elephantsjump.com\/wp-content\/uploads\/2020\/04\/dagmar-1-1536x1006.jpg 1536w, https:\/\/www.elephantsjump.com\/wp-content\/uploads\/2020\/04\/dagmar-1-2048x1341.jpg 2048w\" data-sizes=\"(max-width: 1024px) 100vw, 1024px\" src=\"data:image\/svg+xml;base64,PHN2ZyB3aWR0aD0iMSIgaGVpZ2h0PSIxIiB4bWxucz0iaHR0cDovL3d3dy53My5vcmcvMjAwMC9zdmciPjwvc3ZnPg==\" style=\"--smush-placeholder-width: 1024px; --smush-placeholder-aspect-ratio: 1024\/670;\" \/><\/div>\n\t\t<\/a>\n\t\t\t\t<div class=\"elementor-post__text\">\n\t\t\t\t<h3 class=\"elementor-post__title\">\n\t\t\t<a href=\"https:\/\/www.elephantsjump.com\/?p=3317\">\n\t\t\t\tElefanten springen nicht, oder doch?\t\t\t<\/a>\n\t\t<\/h3>\n\t\t\t\t<div class=\"elementor-post__meta-data\">\n\t\t\t\t\t<span class=\"elementor-post-date\">\n\t\t\t01.12.2023\t\t<\/span>\n\t\t\t\t<\/div>\n\t\t\t\t<div class=\"elementor-post__excerpt\">\n\t\t\t<p>Ich freue mich sehr \u00fcber den heutigen Artikel im Online-Standard. Danke WK\u00d6 &#8211; Wirtschaftskammer \u00d6sterreich, Fachgruppe Werbung und Marktkommunikation, f\u00fcr euren Support! Hier gehts zum<\/p>\n\t\t<\/div>\n\t\t\n\t\t<a class=\"elementor-post__read-more\" href=\"https:\/\/www.elephantsjump.com\/?p=3317\" aria-label=\"Read more about Elefanten springen nicht, oder doch?\" tabindex=\"-1\">\n\t\t\tmehr \u00bb\t\t<\/a>\n\n\t\t\t\t<\/div>\n\t\t\t\t<\/article>\n\t\t\t\t<article class=\"elementor-post elementor-grid-item post-3296 post type-post status-publish format-standard has-post-thumbnail hentry category-uncategorized tag-agentur tag-elephantsjump tag-experiencedesign tag-marketing tag-podcast\" role=\"listitem\">\n\t\t\t\t<a class=\"elementor-post__thumbnail__link\" href=\"https:\/\/www.elephantsjump.com\/?p=3296\" tabindex=\"-1\">\n\t\t\t<div class=\"elementor-post__thumbnail\"><img decoding=\"async\" width=\"1024\" height=\"1024\" data-src=\"https:\/\/www.elephantsjump.com\/wp-content\/uploads\/2023\/11\/Leitgeb_F4-1024x1024.jpg\" class=\"attachment-large size-large wp-image-3298 lazyload\" alt=\"Podcast\" data-srcset=\"https:\/\/www.elephantsjump.com\/wp-content\/uploads\/2023\/11\/Leitgeb_F4-1024x1024.jpg 1024w, https:\/\/www.elephantsjump.com\/wp-content\/uploads\/2023\/11\/Leitgeb_F4-300x300.jpg 300w, https:\/\/www.elephantsjump.com\/wp-content\/uploads\/2023\/11\/Leitgeb_F4-150x150.jpg 150w, https:\/\/www.elephantsjump.com\/wp-content\/uploads\/2023\/11\/Leitgeb_F4-768x768.jpg 768w, https:\/\/www.elephantsjump.com\/wp-content\/uploads\/2023\/11\/Leitgeb_F4.jpg 1200w\" data-sizes=\"(max-width: 1024px) 100vw, 1024px\" src=\"data:image\/svg+xml;base64,PHN2ZyB3aWR0aD0iMSIgaGVpZ2h0PSIxIiB4bWxucz0iaHR0cDovL3d3dy53My5vcmcvMjAwMC9zdmciPjwvc3ZnPg==\" style=\"--smush-placeholder-width: 1024px; --smush-placeholder-aspect-ratio: 1024\/1024;\" \/><\/div>\n\t\t<\/a>\n\t\t\t\t<div class=\"elementor-post__text\">\n\t\t\t\t<h3 class=\"elementor-post__title\">\n\t\t\t<a href=\"https:\/\/www.elephantsjump.com\/?p=3296\">\n\t\t\t\tPodcast |\u00a0&#8220;Werbelust&#8221; | Work-Life-Challenge\t\t\t<\/a>\n\t\t<\/h3>\n\t\t\t\t<div class=\"elementor-post__meta-data\">\n\t\t\t\t\t<span class=\"elementor-post-date\">\n\t\t\t24.11.2023\t\t<\/span>\n\t\t\t\t<\/div>\n\t\t\t\t<div class=\"elementor-post__excerpt\">\n\t\t\t<p>Ich w\u00fcrde mich freuen, wenn ihr in den aktuellen Podcast der WKW &#8211; Werbung Wien &#8220;Werbelust&#8221; reinh\u00f6rt. Die wunderbare Natascha Szakusits hat mir meine Gedanken<\/p>\n\t\t<\/div>\n\t\t\n\t\t<a class=\"elementor-post__read-more\" href=\"https:\/\/www.elephantsjump.com\/?p=3296\" aria-label=\"Read more about Podcast |\u00a0&#8220;Werbelust&#8221; | Work-Life-Challenge\" tabindex=\"-1\">\n\t\t\tmehr \u00bb\t\t<\/a>\n\n\t\t\t\t<\/div>\n\t\t\t\t<\/article>\n\t\t\t\t<article class=\"elementor-post elementor-grid-item post-2991 post type-post status-publish format-standard has-post-thumbnail hentry category-uncategorized\" role=\"listitem\">\n\t\t\t\t<a class=\"elementor-post__thumbnail__link\" href=\"https:\/\/www.elephantsjump.com\/?p=2991\" tabindex=\"-1\">\n\t\t\t<div class=\"elementor-post__thumbnail\"><img decoding=\"async\" width=\"1024\" height=\"1024\" data-src=\"https:\/\/www.elephantsjump.com\/wp-content\/uploads\/2023\/03\/DALL\u00b7E-2023-03-24-10.10.59-stylized-elephant-jumping-on-a-trampoline-cumulus-clouds-photorealism-party-confetti-big-metallic-reflective-pink-baloons-synthwave-style-lase-1024x1024.png\" class=\"attachment-large size-large wp-image-2994 lazyload\" alt=\"\" data-srcset=\"https:\/\/www.elephantsjump.com\/wp-content\/uploads\/2023\/03\/DALL\u00b7E-2023-03-24-10.10.59-stylized-elephant-jumping-on-a-trampoline-cumulus-clouds-photorealism-party-confetti-big-metallic-reflective-pink-baloons-synthwave-style-lase.png 1024w, https:\/\/www.elephantsjump.com\/wp-content\/uploads\/2023\/03\/DALL\u00b7E-2023-03-24-10.10.59-stylized-elephant-jumping-on-a-trampoline-cumulus-clouds-photorealism-party-confetti-big-metallic-reflective-pink-baloons-synthwave-style-lase-300x300.png 300w, https:\/\/www.elephantsjump.com\/wp-content\/uploads\/2023\/03\/DALL\u00b7E-2023-03-24-10.10.59-stylized-elephant-jumping-on-a-trampoline-cumulus-clouds-photorealism-party-confetti-big-metallic-reflective-pink-baloons-synthwave-style-lase-150x150.png 150w, https:\/\/www.elephantsjump.com\/wp-content\/uploads\/2023\/03\/DALL\u00b7E-2023-03-24-10.10.59-stylized-elephant-jumping-on-a-trampoline-cumulus-clouds-photorealism-party-confetti-big-metallic-reflective-pink-baloons-synthwave-style-lase-768x768.png 768w\" data-sizes=\"(max-width: 1024px) 100vw, 1024px\" src=\"data:image\/svg+xml;base64,PHN2ZyB3aWR0aD0iMSIgaGVpZ2h0PSIxIiB4bWxucz0iaHR0cDovL3d3dy53My5vcmcvMjAwMC9zdmciPjwvc3ZnPg==\" style=\"--smush-placeholder-width: 1024px; --smush-placeholder-aspect-ratio: 1024\/1024;\" \/><\/div>\n\t\t<\/a>\n\t\t\t\t<div class=\"elementor-post__text\">\n\t\t\t\t<h3 class=\"elementor-post__title\">\n\t\t\t<a href=\"https:\/\/www.elephantsjump.com\/?p=2991\">\n\t\t\t\tEin Elefant am Trampolin. Elefantastische 17 Jahre !\t\t\t<\/a>\n\t\t<\/h3>\n\t\t\t\t<div class=\"elementor-post__meta-data\">\n\t\t\t\t\t<span class=\"elementor-post-date\">\n\t\t\t24.03.2023\t\t<\/span>\n\t\t\t\t<\/div>\n\t\t\t\t<div class=\"elementor-post__excerpt\">\n\t\t\t<p>Meine Agentur ELEPHANTS JUMP feiert dieser Tage 17. Geburtstag. Als Gr\u00fcnderin und Marketeer blicke ich positiv in die Zukunft und freue mich im Geburtstagsmonat \u00fcber Elefantenspr\u00fcnge meiner Kund*innen. <\/p>\n\t\t<\/div>\n\t\t\n\t\t<a class=\"elementor-post__read-more\" href=\"https:\/\/www.elephantsjump.com\/?p=2991\" aria-label=\"Read more about Ein Elefant am Trampolin. Elefantastische 17 Jahre !\" tabindex=\"-1\">\n\t\t\tmehr \u00bb\t\t<\/a>\n\n\t\t\t\t<\/div>\n\t\t\t\t<\/article>\n\t\t\t\t<\/div>\n\t\t\n\t\t\t\t\t\t<\/div>\n\t\t\t\t<\/div>\n\t\t\t\t\t<\/div>\n\t\t<\/div>\n\t\t\t\t\t<\/div>\n\t\t<\/section>\n\t\t\t\t<\/div>\n\t\t","protected":false},"excerpt":{"rendered":"<p>GEDANKENSPLITTER Denken Sie nicht an einen springenden Elefanten.<\/p>\n","protected":false},"author":1,"featured_media":0,"parent":0,"menu_order":0,"comment_status":"closed","ping_status":"closed","template":"","meta":{"site-sidebar-layout":"no-sidebar","site-content-layout":"page-builder","ast-site-content-layout":"full-width-container","site-content-style":"unboxed","site-sidebar-style":"unboxed","ast-global-header-display":"","ast-banner-title-visibility":"","ast-main-header-display":"","ast-hfb-above-header-display":"","ast-hfb-below-header-display":"","ast-hfb-mobile-header-display":"","site-post-title":"disabled","ast-breadcrumbs-content":"","ast-featured-img":"disabled","footer-sml-layout":"","ast-disable-related-posts":"","theme-transparent-header-meta":"","adv-header-id-meta":"","stick-header-meta":"","header-above-stick-meta":"","header-main-stick-meta":"","header-below-stick-meta":"","astra-migrate-meta-layouts":"set","ast-page-background-enabled":"default","ast-page-background-meta":{"desktop":{"background-color":"","background-image":"","background-repeat":"repeat","background-position":"center center","background-size":"auto","background-attachment":"scroll","background-type":"","background-media":"","overlay-type":"","overlay-color":"","overlay-opacity":"","overlay-gradient":""},"tablet":{"background-color":"","background-image":"","background-repeat":"repeat","background-position":"center center","background-size":"auto","background-attachment":"scroll","background-type":"","background-media":"","overlay-type":"","overlay-color":"","overlay-opacity":"","overlay-gradient":""},"mobile":{"background-color":"","background-image":"","background-repeat":"repeat","background-position":"center center","background-size":"auto","background-attachment":"scroll","background-type":"","background-media":"","overlay-type":"","overlay-color":"","overlay-opacity":"","overlay-gradient":""}},"ast-content-background-meta":{"desktop":{"background-color":"var(--ast-global-color-5)","background-image":"","background-repeat":"repeat","background-position":"center center","background-size":"auto","background-attachment":"scroll","background-type":"","background-media":"","overlay-type":"","overlay-color":"","overlay-opacity":"","overlay-gradient":""},"tablet":{"background-color":"var(--ast-global-color-5)","background-image":"","background-repeat":"repeat","background-position":"center center","background-size":"auto","background-attachment":"scroll","background-type":"","background-media":"","overlay-type":"","overlay-color":"","overlay-opacity":"","overlay-gradient":""},"mobile":{"background-color":"var(--ast-global-color-5)","background-image":"","background-repeat":"repeat","background-position":"center center","background-size":"auto","background-attachment":"scroll","background-type":"","background-media":"","overlay-type":"","overlay-color":"","overlay-opacity":"","overlay-gradient":""}},"footnotes":""},"class_list":["post-3026","page","type-page","status-publish","hentry"],"_links":{"self":[{"href":"https:\/\/www.elephantsjump.com\/index.php?rest_route=\/wp\/v2\/pages\/3026","targetHints":{"allow":["GET"]}}],"collection":[{"href":"https:\/\/www.elephantsjump.com\/index.php?rest_route=\/wp\/v2\/pages"}],"about":[{"href":"https:\/\/www.elephantsjump.com\/index.php?rest_route=\/wp\/v2\/types\/page"}],"author":[{"embeddable":true,"href":"https:\/\/www.elephantsjump.com\/index.php?rest_route=\/wp\/v2\/users\/1"}],"replies":[{"embeddable":true,"href":"https:\/\/www.elephantsjump.com\/index.php?rest_route=%2Fwp%2Fv2%2Fcomments&post=3026"}],"version-history":[{"count":17,"href":"https:\/\/www.elephantsjump.com\/index.php?rest_route=\/wp\/v2\/pages\/3026\/revisions"}],"predecessor-version":[{"id":3311,"href":"https:\/\/www.elephantsjump.com\/index.php?rest_route=\/wp\/v2\/pages\/3026\/revisions\/3311"}],"wp:attachment":[{"href":"https:\/\/www.elephantsjump.com\/index.php?rest_route=%2Fwp%2Fv2%2Fmedia&parent=3026"}],"curies":[{"name":"wp","href":"https:\/\/api.w.org\/{rel}","templated":true}]}}