{"id":3015,"date":"2023-03-24T09:33:53","date_gmt":"2023-03-24T09:33:53","guid":{"rendered":"https:\/\/www.elephantsjump.com\/?page_id=3015"},"modified":"2023-03-24T14:47:40","modified_gmt":"2023-03-24T14:47:40","slug":"nachhaltiges-marketing","status":"publish","type":"page","link":"https:\/\/www.elephantsjump.com\/?page_id=3015","title":{"rendered":"Nachhaltiges Marketing"},"content":{"rendered":"\t\t<div data-elementor-type=\"wp-page\" data-elementor-id=\"3015\" class=\"elementor elementor-3015\" data-elementor-post-type=\"page\">\n\t\t\t\t\t\t<section class=\"elementor-section elementor-top-section elementor-element elementor-element-ca5c820 elementor-section-height-min-height elementor-section-content-middle elementor-section-boxed elementor-section-height-default elementor-section-items-middle\" data-id=\"ca5c820\" data-element_type=\"section\" data-settings=\"{&quot;background_background&quot;:&quot;classic&quot;,&quot;background_motion_fx_motion_fx_scrolling&quot;:&quot;yes&quot;,&quot;background_motion_fx_translateY_effect&quot;:&quot;yes&quot;,&quot;background_motion_fx_translateY_direction&quot;:&quot;negative&quot;,&quot;background_motion_fx_translateY_speed&quot;:{&quot;unit&quot;:&quot;px&quot;,&quot;size&quot;:1.6999999999999999555910790149937383830547332763671875,&quot;sizes&quot;:[]},&quot;background_motion_fx_translateY_affectedRange&quot;:{&quot;unit&quot;:&quot;%&quot;,&quot;size&quot;:&quot;&quot;,&quot;sizes&quot;:{&quot;start&quot;:0,&quot;end&quot;:100}},&quot;background_motion_fx_devices&quot;:[&quot;desktop&quot;,&quot;tablet&quot;,&quot;mobile&quot;]}\">\n\t\t\t\t\t\t\t<div class=\"elementor-background-overlay\"><\/div>\n\t\t\t\t\t\t\t<div class=\"elementor-container elementor-column-gap-default\">\n\t\t\t\t\t<div class=\"elementor-column elementor-col-100 elementor-top-column elementor-element elementor-element-1325ff2\" data-id=\"1325ff2\" data-element_type=\"column\">\n\t\t\t<div class=\"elementor-widget-wrap elementor-element-populated\">\n\t\t\t\t\t\t<div class=\"elementor-element elementor-element-44cac33 elementor-widget elementor-widget-heading\" data-id=\"44cac33\" data-element_type=\"widget\" data-widget_type=\"heading.default\">\n\t\t\t\t<div class=\"elementor-widget-container\">\n\t\t\t\t\t<h1 class=\"elementor-heading-title elementor-size-default\">Nachhaltiges Marketing<\/h1>\t\t\t\t<\/div>\n\t\t\t\t<\/div>\n\t\t\t\t<div class=\"elementor-element elementor-element-bb1a72a elementor-widget elementor-widget-heading\" data-id=\"bb1a72a\" data-element_type=\"widget\" data-widget_type=\"heading.default\">\n\t\t\t\t<div class=\"elementor-widget-container\">\n\t\t\t\t\t<h2 class=\"elementor-heading-title elementor-size-default\">Die Zeit ist reif f\u00fcr nachhaltiges Denken und Handeln auch im Marketing.<\/h2>\t\t\t\t<\/div>\n\t\t\t\t<\/div>\n\t\t\t\t\t<\/div>\n\t\t<\/div>\n\t\t\t\t\t<\/div>\n\t\t<\/section>\n\t\t\t\t<section class=\"elementor-section elementor-top-section elementor-element elementor-element-a7b3873 elementor-section-boxed elementor-section-height-default elementor-section-height-default\" data-id=\"a7b3873\" data-element_type=\"section\">\n\t\t\t\t\t\t<div class=\"elementor-container elementor-column-gap-default\">\n\t\t\t\t\t<div class=\"elementor-column elementor-col-100 elementor-top-column elementor-element elementor-element-428e745\" data-id=\"428e745\" data-element_type=\"column\">\n\t\t\t<div class=\"elementor-widget-wrap elementor-element-populated\">\n\t\t\t\t\t\t<div class=\"elementor-element elementor-element-4a1cb2e elementor-widget elementor-widget-heading\" data-id=\"4a1cb2e\" data-element_type=\"widget\" data-widget_type=\"heading.default\">\n\t\t\t\t<div class=\"elementor-widget-container\">\n\t\t\t\t\t<h2 class=\"elementor-heading-title elementor-size-default\"><br><br>Wirtschaftlich erfolgreich sein, schlie\u00dft ein \u00f6kologisch und soziales Miteinander nicht aus.<\/h2>\t\t\t\t<\/div>\n\t\t\t\t<\/div>\n\t\t\t\t\t<\/div>\n\t\t<\/div>\n\t\t\t\t\t<\/div>\n\t\t<\/section>\n\t\t\t\t<section class=\"elementor-section elementor-top-section elementor-element elementor-element-49a0724 green elementor-section-boxed elementor-section-height-default elementor-section-height-default\" data-id=\"49a0724\" data-element_type=\"section\">\n\t\t\t\t\t\t<div class=\"elementor-container elementor-column-gap-default\">\n\t\t\t\t\t<div class=\"elementor-column elementor-col-100 elementor-top-column elementor-element elementor-element-18ac69b\" data-id=\"18ac69b\" data-element_type=\"column\">\n\t\t\t<div class=\"elementor-widget-wrap elementor-element-populated\">\n\t\t\t\t\t\t<section class=\"elementor-section elementor-inner-section elementor-element elementor-element-7f20b85 elementor-section-boxed elementor-section-height-default elementor-section-height-default\" data-id=\"7f20b85\" data-element_type=\"section\">\n\t\t\t\t\t\t<div class=\"elementor-container elementor-column-gap-default\">\n\t\t\t\t\t<div class=\"elementor-column elementor-col-50 elementor-inner-column elementor-element elementor-element-4aa4285 elementor-hidden-phone\" data-id=\"4aa4285\" data-element_type=\"column\">\n\t\t\t<div class=\"elementor-widget-wrap elementor-element-populated\">\n\t\t\t\t\t\t<div class=\"elementor-element elementor-element-6408e85 elementor-widget elementor-widget-image\" data-id=\"6408e85\" data-element_type=\"widget\" data-widget_type=\"image.default\">\n\t\t\t\t<div class=\"elementor-widget-container\">\n\t\t\t\t\t\t\t\t\t\t\t\t<figure class=\"wp-caption\">\n\t\t\t\t\t\t\t\t\t\t<img fetchpriority=\"high\" decoding=\"async\" width=\"300\" height=\"294\" src=\"https:\/\/www.elephantsjump.com\/wp-content\/uploads\/2023\/03\/IMG_8215-300x294.jpg\" class=\"attachment-medium size-medium wp-image-3010\" alt=\"\" srcset=\"https:\/\/www.elephantsjump.com\/wp-content\/uploads\/2023\/03\/IMG_8215-300x294.jpg 300w, https:\/\/www.elephantsjump.com\/wp-content\/uploads\/2023\/03\/IMG_8215-768x754.jpg 768w, https:\/\/www.elephantsjump.com\/wp-content\/uploads\/2023\/03\/IMG_8215.jpg 959w\" sizes=\"(max-width: 300px) 100vw, 300px\" \/>\t\t\t\t\t\t\t\t\t\t\t<figcaption class=\"widget-image-caption wp-caption-text\"><\/figcaption>\n\t\t\t\t\t\t\t\t\t\t<\/figure>\n\t\t\t\t\t\t\t\t\t<\/div>\n\t\t\t\t<\/div>\n\t\t\t\t\t<\/div>\n\t\t<\/div>\n\t\t\t\t<div class=\"elementor-column elementor-col-50 elementor-inner-column elementor-element elementor-element-a194fb2\" data-id=\"a194fb2\" data-element_type=\"column\">\n\t\t\t<div class=\"elementor-widget-wrap elementor-element-populated\">\n\t\t\t\t\t\t<div class=\"elementor-element elementor-element-b02c975 elementor-widget elementor-widget-text-editor\" data-id=\"b02c975\" data-element_type=\"widget\" data-widget_type=\"text-editor.default\">\n\t\t\t\t<div class=\"elementor-widget-container\">\n\t\t\t\t\t\t\t\t\t<p>Laut einer aktuellen Studie der <em>IAS Integral Science<\/em>\u00a0wollen 95 % der deutschen Verbraucher*innen mehr f\u00fcr den Umweltschutz tun. 56 % der Befragten sind besorgt \u00fcber Nachhaltigkeit und Klimawandel, und finden dass dies eines der wichtigsten Themen ist. 54 % haben ihre Einkaufsgewohnheiten ge\u00e4ndert, um die Umwelt zu unterst\u00fctzen, wenn sie k\u00f6nnen. 68% der Verbraucher*innen ziehen Marken die sich f\u00fcr Umweltbelange einsetzen vor. 41 % glauben, dass ihr individuelles Handeln einen wesentlichen Beitrag zum Umweltschutz leistet. 91 % sind der Meinung, dass Marken eine Rolle bei der F\u00f6rderung von Umweltschutz, Nachhaltigkeit und Klimawandel spielen sollten.<\/p><p>So gilt es die Gunst der Stunde zu nutzen und gemeinsam mit den Klient*innen einen ganzheitlichen Marketingplan zu entwickeln, der schlussendlich zu einer h\u00f6heren Kund*innenbindung, einem Wettbewerbsvorteil und einer damit einhergehenden Umsatzsteigerung sowie zu zufriedeneren Mitarbeiter*innen f\u00fchren wird. Und im besten Fall: einen nachhaltigen Beitrag f\u00fcr die Umwelt leistet.<\/p>\t\t\t\t\t\t\t\t<\/div>\n\t\t\t\t<\/div>\n\t\t\t\t\t<\/div>\n\t\t<\/div>\n\t\t\t\t\t<\/div>\n\t\t<\/section>\n\t\t\t\t<section class=\"elementor-section elementor-inner-section elementor-element elementor-element-4c14fe7 elementor-section-boxed elementor-section-height-default elementor-section-height-default\" data-id=\"4c14fe7\" data-element_type=\"section\">\n\t\t\t\t\t\t<div class=\"elementor-container elementor-column-gap-default\">\n\t\t\t\t\t<div class=\"elementor-column elementor-col-33 elementor-inner-column elementor-element elementor-element-c668dee elementor-hidden-phone\" data-id=\"c668dee\" data-element_type=\"column\">\n\t\t\t<div class=\"elementor-widget-wrap\">\n\t\t\t\t\t\t\t<\/div>\n\t\t<\/div>\n\t\t\t\t<div class=\"elementor-column elementor-col-33 elementor-inner-column elementor-element elementor-element-fece239\" data-id=\"fece239\" data-element_type=\"column\">\n\t\t\t<div class=\"elementor-widget-wrap elementor-element-populated\">\n\t\t\t\t\t\t<div class=\"elementor-element elementor-element-5576a2b elementor-widget elementor-widget-heading\" data-id=\"5576a2b\" data-element_type=\"widget\" data-widget_type=\"heading.default\">\n\t\t\t\t<div class=\"elementor-widget-container\">\n\t\t\t\t\t<h2 class=\"elementor-heading-title elementor-size-default\">Survival of the fittest.<\/h2>\t\t\t\t<\/div>\n\t\t\t\t<\/div>\n\t\t\t\t<div class=\"elementor-element elementor-element-f722eaf elementor-widget elementor-widget-image\" data-id=\"f722eaf\" data-element_type=\"widget\" data-widget_type=\"image.default\">\n\t\t\t\t<div class=\"elementor-widget-container\">\n\t\t\t\t\t\t\t\t\t\t\t\t<figure class=\"wp-caption\">\n\t\t\t\t\t\t\t\t\t\t<img decoding=\"async\" width=\"257\" height=\"300\" data-src=\"https:\/\/www.elephantsjump.com\/wp-content\/uploads\/2023\/03\/IMG_8222-257x300.jpg\" class=\"attachment-medium size-medium wp-image-3009 lazyload\" alt=\"\" data-srcset=\"https:\/\/www.elephantsjump.com\/wp-content\/uploads\/2023\/03\/IMG_8222-257x300.jpg 257w, https:\/\/www.elephantsjump.com\/wp-content\/uploads\/2023\/03\/IMG_8222-877x1024.jpg 877w, https:\/\/www.elephantsjump.com\/wp-content\/uploads\/2023\/03\/IMG_8222-768x897.jpg 768w, https:\/\/www.elephantsjump.com\/wp-content\/uploads\/2023\/03\/IMG_8222.jpg 958w\" data-sizes=\"(max-width: 257px) 100vw, 257px\" src=\"data:image\/svg+xml;base64,PHN2ZyB3aWR0aD0iMSIgaGVpZ2h0PSIxIiB4bWxucz0iaHR0cDovL3d3dy53My5vcmcvMjAwMC9zdmciPjwvc3ZnPg==\" style=\"--smush-placeholder-width: 257px; --smush-placeholder-aspect-ratio: 257\/300;\" \/>\t\t\t\t\t\t\t\t\t\t\t<figcaption class=\"widget-image-caption wp-caption-text\">Auch mit drei Beinen l\u00e4sst es sich gut klettern, das beweist dieser Feuersalamander.<\/figcaption>\n\t\t\t\t\t\t\t\t\t\t<\/figure>\n\t\t\t\t\t\t\t\t\t<\/div>\n\t\t\t\t<\/div>\n\t\t\t\t<div class=\"elementor-element elementor-element-a7c3df0 elementor-widget elementor-widget-text-editor\" data-id=\"a7c3df0\" data-element_type=\"widget\" data-widget_type=\"text-editor.default\">\n\t\t\t\t<div class=\"elementor-widget-container\">\n\t\t\t\t\t\t\t\t\tErfolgreich sein wird der, der permanent seine Umgebung neu ausrichtet und sich agil auf unvorhergesehene Situationen einstellen kann.\nDie Karten wurden durch Corona neu gemischt. Das habe ich 2020 am eigenen Leib erfahren. Vor mir lag ein spannendes Jahr, die Botschaft der Neuausrichtung der Agentur auf die Themen Customer-, Brand-, und Employee Experience Design war bei den Kund*innen angekommen. Dann kam die Pandemie, und wir standen alle vor einer vollkommen neuen Experience. In der Sekunde wurde der Fokus der Unternehmen auf \u201elebensrettende Ma\u00dfnahmen\u201c ausgerichtet, und die Elefanten standen einen Moment lang still.\t\t\t\t\t\t\t\t<\/div>\n\t\t\t\t<\/div>\n\t\t\t\t<div class=\"elementor-element elementor-element-927965c elementor-widget elementor-widget-heading\" data-id=\"927965c\" data-element_type=\"widget\" data-widget_type=\"heading.default\">\n\t\t\t\t<div class=\"elementor-widget-container\">\n\t\t\t\t\t<h2 class=\"elementor-heading-title elementor-size-default\">Rasch reagieren.<\/h2>\t\t\t\t<\/div>\n\t\t\t\t<\/div>\n\t\t\t\t<div class=\"elementor-element elementor-element-1cbaae0 elementor-widget elementor-widget-text-editor\" data-id=\"1cbaae0\" data-element_type=\"widget\" data-widget_type=\"text-editor.default\">\n\t\t\t\t<div class=\"elementor-widget-container\">\n\t\t\t\t\t\t\t\t\tIm Stillen h\u00fcpfen, ist aber nichts f\u00fcr springende Elefanten. Kreativit\u00e4t ist gefragt, vor allem dann, wenn herausfordernde Situationen es erfordern und die Budgets knapp sind. Dann hei\u00dft es raus aus der Komfortzone und sich auf neue Pfade begeben. \t\t\t\t\t\t\t\t<\/div>\n\t\t\t\t<\/div>\n\t\t\t\t<div class=\"elementor-element elementor-element-0a0ebdb elementor-widget elementor-widget-text-editor\" data-id=\"0a0ebdb\" data-element_type=\"widget\" data-widget_type=\"text-editor.default\">\n\t\t\t\t<div class=\"elementor-widget-container\">\n\t\t\t\t\t\t\t\t\tEnde September 2020 hatte ich die Idee mit den  HOLDIE Maskenb\u00e4ndern und startete im November 2020 die OneTwoHold \u2013 quasi als Pandemie-StartUp. Naming, Brand, Kommunikations- und Vertriebskan\u00e4le &#8211; es musste schnell gehen, und da war es praktisch, dass alles aus einer bzw. vier H\u00e4nden kam. Seitdem haben wir \u00fcber 15.000 St\u00fcck der B\u00e4nder verkauft. \t\t\t\t\t\t\t\t<\/div>\n\t\t\t\t<\/div>\n\t\t\t\t<div class=\"elementor-element elementor-element-25e6112 elementor-widget elementor-widget-text-editor\" data-id=\"25e6112\" data-element_type=\"widget\" data-widget_type=\"text-editor.default\">\n\t\t\t\t<div class=\"elementor-widget-container\">\n\t\t\t\t\t\t\t\t\tF\u00fcr die postpandemische Weiterf\u00fchrung der OneTwoHold GmbH fanden stylische Probleml\u00f6ser f\u00fcr andere Alltagssituationen Einzug ins Sortiment bzw. kommen die HOLDIE B\u00e4nder B2B, individuell gebrandet, als Namensschild- oder Schl\u00fcssel-Chip-B\u00e4nder zum Einsatz. \nEine Zeit die mich viel gelehrt hat und die ich trotz gr\u00f6\u00dfter Herausforderungen nicht missen m\u00f6chte. \n\t\t\t\t\t\t\t\t<\/div>\n\t\t\t\t<\/div>\n\t\t\t\t\t<\/div>\n\t\t<\/div>\n\t\t\t\t<div class=\"elementor-column elementor-col-33 elementor-inner-column elementor-element elementor-element-8e307bb\" data-id=\"8e307bb\" data-element_type=\"column\">\n\t\t\t<div class=\"elementor-widget-wrap\">\n\t\t\t\t\t\t\t<\/div>\n\t\t<\/div>\n\t\t\t\t\t<\/div>\n\t\t<\/section>\n\t\t\t\t<section class=\"elementor-section elementor-inner-section elementor-element elementor-element-d89b93b elementor-section-boxed elementor-section-height-default elementor-section-height-default\" data-id=\"d89b93b\" data-element_type=\"section\">\n\t\t\t\t\t\t<div class=\"elementor-container elementor-column-gap-default\">\n\t\t\t\t\t<div class=\"elementor-column elementor-col-50 elementor-inner-column elementor-element elementor-element-8f3834a\" data-id=\"8f3834a\" data-element_type=\"column\">\n\t\t\t<div class=\"elementor-widget-wrap elementor-element-populated\">\n\t\t\t\t\t\t<div class=\"elementor-element elementor-element-2e10095 elementor-widget elementor-widget-heading\" data-id=\"2e10095\" data-element_type=\"widget\" data-widget_type=\"heading.default\">\n\t\t\t\t<div class=\"elementor-widget-container\">\n\t\t\t\t\t<h2 class=\"elementor-heading-title elementor-size-default\">Marketing. Neu denken. <\/h2>\t\t\t\t<\/div>\n\t\t\t\t<\/div>\n\t\t\t\t<div class=\"elementor-element elementor-element-ae95581 elementor-widget elementor-widget-text-editor\" data-id=\"ae95581\" data-element_type=\"widget\" data-widget_type=\"text-editor.default\">\n\t\t\t\t<div class=\"elementor-widget-container\">\n\t\t\t\t\t\t\t\t\tBei der Gr\u00fcndung der OneTwoHold legte ich besonderes Augenmerk auf das Thema Nachhaltigkeit. \nMit der Mitgliedschaft bei der Organisation 1% for the planet, kann ich zumindest einen Teil meines unvermeidbaren CO2 Footprints, kompensieren.\n\t\t\t\t\t\t\t\t<\/div>\n\t\t\t\t<\/div>\n\t\t\t\t<div class=\"elementor-element elementor-element-fcd641c elementor-widget elementor-widget-heading\" data-id=\"fcd641c\" data-element_type=\"widget\" data-widget_type=\"heading.default\">\n\t\t\t\t<div class=\"elementor-widget-container\">\n\t\t\t\t\t<h2 class=\"elementor-heading-title elementor-size-default\">Transformation und Elefantenspr\u00fcnge. <\/h2>\t\t\t\t<\/div>\n\t\t\t\t<\/div>\n\t\t\t\t<div class=\"elementor-element elementor-element-8dd9ea2 elementor-widget elementor-widget-text-editor\" data-id=\"8dd9ea2\" data-element_type=\"widget\" data-widget_type=\"text-editor.default\">\n\t\t\t\t<div class=\"elementor-widget-container\">\n\t\t\t\t\t\t\t\t\t<p>Eine Neuausrichtung und ein Positionierung-Spin der nicht immer einfach f\u00fcr die Unternehmen ist.<br \/>Meine Kund*innen stehen immer wieder vor Elefantenspr\u00fcngen, sie dabei zu begleiten ist mein Antrieb, und es freut mich besonders, dass meine Klient*innen schwierige Phasen immer wieder gut meistern. Und das ist auch das, auf was ich mich mit meinen Kund*innen derzeit konzentriere: Auf Elefantenspr\u00fcnge, die im Fokus haben, positiv nach vorne zu blicken, Unternehmergeist zu zeigen, ein erfolgversprechendes Mindset mit den Mitarbeiter*innen zu entwickeln und neue Herausforderungen anzupacken.\u00a0<\/p>\t\t\t\t\t\t\t\t<\/div>\n\t\t\t\t<\/div>\n\t\t\t\t\t<\/div>\n\t\t<\/div>\n\t\t\t\t<div class=\"elementor-column elementor-col-50 elementor-inner-column elementor-element elementor-element-d3fcca5 elementor-hidden-phone\" data-id=\"d3fcca5\" data-element_type=\"column\">\n\t\t\t<div class=\"elementor-widget-wrap elementor-element-populated\">\n\t\t\t\t\t\t<div class=\"elementor-element elementor-element-0c4cba0 elementor-widget elementor-widget-image\" data-id=\"0c4cba0\" data-element_type=\"widget\" data-widget_type=\"image.default\">\n\t\t\t\t<div class=\"elementor-widget-container\">\n\t\t\t\t\t\t\t\t\t\t\t\t<figure class=\"wp-caption\">\n\t\t\t\t\t\t\t\t\t\t<img decoding=\"async\" width=\"256\" height=\"300\" data-src=\"https:\/\/www.elephantsjump.com\/wp-content\/uploads\/2023\/03\/IMG_8221-256x300.jpg\" class=\"attachment-medium size-medium wp-image-3008 lazyload\" alt=\"\" data-srcset=\"https:\/\/www.elephantsjump.com\/wp-content\/uploads\/2023\/03\/IMG_8221-256x300.jpg 256w, https:\/\/www.elephantsjump.com\/wp-content\/uploads\/2023\/03\/IMG_8221-875x1024.jpg 875w, https:\/\/www.elephantsjump.com\/wp-content\/uploads\/2023\/03\/IMG_8221-768x899.jpg 768w, https:\/\/www.elephantsjump.com\/wp-content\/uploads\/2023\/03\/IMG_8221.jpg 960w\" data-sizes=\"(max-width: 256px) 100vw, 256px\" src=\"data:image\/svg+xml;base64,PHN2ZyB3aWR0aD0iMSIgaGVpZ2h0PSIxIiB4bWxucz0iaHR0cDovL3d3dy53My5vcmcvMjAwMC9zdmciPjwvc3ZnPg==\" style=\"--smush-placeholder-width: 256px; --smush-placeholder-aspect-ratio: 256\/300;\" \/>\t\t\t\t\t\t\t\t\t\t\t<figcaption class=\"widget-image-caption wp-caption-text\"><\/figcaption>\n\t\t\t\t\t\t\t\t\t\t<\/figure>\n\t\t\t\t\t\t\t\t\t<\/div>\n\t\t\t\t<\/div>\n\t\t\t\t\t<\/div>\n\t\t<\/div>\n\t\t\t\t\t<\/div>\n\t\t<\/section>\n\t\t\t\t<div class=\"elementor-element elementor-element-cacb190 elementor-widget elementor-widget-heading\" data-id=\"cacb190\" data-element_type=\"widget\" data-widget_type=\"heading.default\">\n\t\t\t\t<div class=\"elementor-widget-container\">\n\t\t\t\t\t<h5 class=\"elementor-heading-title elementor-size-default\">Ready to jump?<\/h5>\t\t\t\t<\/div>\n\t\t\t\t<\/div>\n\t\t\t\t<div class=\"elementor-element elementor-element-ae195f8 elementor-widget elementor-widget-spacer\" data-id=\"ae195f8\" data-element_type=\"widget\" data-widget_type=\"spacer.default\">\n\t\t\t\t<div class=\"elementor-widget-container\">\n\t\t\t\t\t\t\t<div class=\"elementor-spacer\">\n\t\t\t<div class=\"elementor-spacer-inner\"><\/div>\n\t\t<\/div>\n\t\t\t\t\t\t<\/div>\n\t\t\t\t<\/div>\n\t\t\t\t\t<\/div>\n\t\t<\/div>\n\t\t\t\t\t<\/div>\n\t\t<\/section>\n\t\t\t\t<\/div>\n\t\t","protected":false},"excerpt":{"rendered":"<p>Nachhaltiges Marketing Die Zeit ist reif f\u00fcr nachhaltiges Denken und Handeln auch im Marketing. Wirtschaftlich erfolgreich sein, schlie\u00dft ein \u00f6kologisch und soziales Miteinander nicht aus. Laut einer aktuellen Studie der IAS Integral Science\u00a0wollen 95 % der deutschen Verbraucher*innen mehr f\u00fcr den Umweltschutz tun. 56 % der Befragten sind besorgt \u00fcber Nachhaltigkeit und Klimawandel, und finden [&hellip;]<\/p>\n","protected":false},"author":1,"featured_media":0,"parent":0,"menu_order":0,"comment_status":"closed","ping_status":"closed","template":"","meta":{"site-sidebar-layout":"no-sidebar","site-content-layout":"page-builder","ast-site-content-layout":"default","site-content-style":"default","site-sidebar-style":"default","ast-global-header-display":"","ast-banner-title-visibility":"","ast-main-header-display":"","ast-hfb-above-header-display":"","ast-hfb-below-header-display":"","ast-hfb-mobile-header-display":"","site-post-title":"disabled","ast-breadcrumbs-content":"","ast-featured-img":"disabled","footer-sml-layout":"","ast-disable-related-posts":"","theme-transparent-header-meta":"default","adv-header-id-meta":"","stick-header-meta":"","header-above-stick-meta":"","header-main-stick-meta":"","header-below-stick-meta":"","astra-migrate-meta-layouts":"default","ast-page-background-enabled":"default","ast-page-background-meta":{"desktop":{"background-color":"","background-image":"","background-repeat":"repeat","background-position":"center center","background-size":"auto","background-attachment":"scroll","background-type":"","background-media":"","overlay-type":"","overlay-color":"","overlay-opacity":"","overlay-gradient":""},"tablet":{"background-color":"","background-image":"","background-repeat":"repeat","background-position":"center center","background-size":"auto","background-attachment":"scroll","background-type":"","background-media":"","overlay-type":"","overlay-color":"","overlay-opacity":"","overlay-gradient":""},"mobile":{"background-color":"","background-image":"","background-repeat":"repeat","background-position":"center center","background-size":"auto","background-attachment":"scroll","background-type":"","background-media":"","overlay-type":"","overlay-color":"","overlay-opacity":"","overlay-gradient":""}},"ast-content-background-meta":{"desktop":{"background-color":"var(--ast-global-color-5)","background-image":"","background-repeat":"repeat","background-position":"center center","background-size":"auto","background-attachment":"scroll","background-type":"","background-media":"","overlay-type":"","overlay-color":"","overlay-opacity":"","overlay-gradient":""},"tablet":{"background-color":"var(--ast-global-color-5)","background-image":"","background-repeat":"repeat","background-position":"center center","background-size":"auto","background-attachment":"scroll","background-type":"","background-media":"","overlay-type":"","overlay-color":"","overlay-opacity":"","overlay-gradient":""},"mobile":{"background-color":"var(--ast-global-color-5)","background-image":"","background-repeat":"repeat","background-position":"center center","background-size":"auto","background-attachment":"scroll","background-type":"","background-media":"","overlay-type":"","overlay-color":"","overlay-opacity":"","overlay-gradient":""}},"footnotes":""},"class_list":["post-3015","page","type-page","status-publish","hentry"],"_links":{"self":[{"href":"https:\/\/www.elephantsjump.com\/index.php?rest_route=\/wp\/v2\/pages\/3015","targetHints":{"allow":["GET"]}}],"collection":[{"href":"https:\/\/www.elephantsjump.com\/index.php?rest_route=\/wp\/v2\/pages"}],"about":[{"href":"https:\/\/www.elephantsjump.com\/index.php?rest_route=\/wp\/v2\/types\/page"}],"author":[{"embeddable":true,"href":"https:\/\/www.elephantsjump.com\/index.php?rest_route=\/wp\/v2\/users\/1"}],"replies":[{"embeddable":true,"href":"https:\/\/www.elephantsjump.com\/index.php?rest_route=%2Fwp%2Fv2%2Fcomments&post=3015"}],"version-history":[{"count":61,"href":"https:\/\/www.elephantsjump.com\/index.php?rest_route=\/wp\/v2\/pages\/3015\/revisions"}],"predecessor-version":[{"id":3210,"href":"https:\/\/www.elephantsjump.com\/index.php?rest_route=\/wp\/v2\/pages\/3015\/revisions\/3210"}],"wp:attachment":[{"href":"https:\/\/www.elephantsjump.com\/index.php?rest_route=%2Fwp%2Fv2%2Fmedia&parent=3015"}],"curies":[{"name":"wp","href":"https:\/\/api.w.org\/{rel}","templated":true}]}}